{"id":1545,"date":"2022-11-30T15:15:54","date_gmt":"2022-11-30T15:15:54","guid":{"rendered":"http:\/\/www.flachpass.net\/?page_id=1545"},"modified":"2024-06-19T16:19:41","modified_gmt":"2024-06-19T14:19:41","slug":"allgemein","status":"publish","type":"page","link":"http:\/\/www.flachpass.net\/index.php\/allgemein\/","title":{"rendered":"Allgemein"},"content":{"rendered":"<p><img loading=\"lazy\" decoding=\"async\" class=\"aligncenter size-full wp-image-1988\" src=\"http:\/\/www.flachpass.net\/wp-content\/uploads\/2024\/06\/kirsch_magath-scaled-e1718060014208.jpg\" alt=\"\" width=\"550\" height=\"413\"><\/p>\r\n<p style=\"text-align: center;\">(Ich bin \u00fcbrigens der Herr links)<\/p>\r\n<p>As time goes by &#8211; meine erste Fu\u00dfballseite zu einem gro\u00dfen Turnier war 2002 anl\u00e4sslich der WM in Japan und S\u00fcdkorea. Es folgte eine Seite zur WM 2006 in Deutschland, beide noch unter meiner privaten Domain. Ab der EURO 2008 in \u00d6sterreich und der Schweiz lief dann alles unter der Domain <strong>flachpass.net<\/strong>, so auch zur WM 2010, EM 2012, WM 2014 (davon sind 2002 noch teilweise, 2006, 2008 und 2014 noch verf\u00fcgbar, siehe <a href=\"https:\/\/www.flachpass.net\/index.php\/archiv\/\">Archiv<\/a>) und letztmalig als Fu\u00dfballseite zur WM 2018 (die ich mit dem heutigen Wissensstand nicht mehr gemacht h\u00e4tte). Zur EURO 2020 gab es keine Seite, da aufgrund der transeurop\u00e4ischen EM das Thema fehlte, und die WM 2022 hatte ich boykottiert; stattdessen gab es als Protest einen belgischen Bieradventskalenderblog in einem bewusst amateurhaft gestalteten Design, wie es Anfang der 2000er Jahre &#8220;in&#8221; war, um gegen die Kommerzialisierung des Fu\u00dfballs zu protestieren.<\/p>\r\n<p>Eigentlich hatte ich dann auch vor, die Seite einzustellen; aber da mein Herzensverein Alemannia Aachen nach elf Jahren wieder den Aufstieg in die 3. Liga geschafft hat,eine Heim-EM ansteht und ich schon mehrfach gefragt wurde, ob ich wieder eine Turnierseite mache, ist die Euphorie wieder da, und nach sechs Jahren Pause auch wieder eine <strong>flachpass.net<\/strong>-Fu\u00dfballseite.<\/p>\r\n<p>An dieser Stelle m\u00f6chte ich noch kurz auf den Banner der Seite eingehen, der aus einer Fotocollage besteht: Links oben ist der Aachener Dom vom Katschhof aus zu sehen &#8211; eine Hommage auf meine Lieblingsstadt Aachen, die man mit Fug und Recht allein aufgrund der Lage als eine der europ\u00e4ischsten deutschen St\u00e4dte bezeichnen kann (auch wenn sie keine EM-Spielst\u00e4tte ist). Links unten sieht man das M\u00fcnchner Rathaus, Stadt des Er\u00f6ffnungsspiels (und in der N\u00e4he &#8211; in Ottobrunn &#8211; bin ich gro\u00df geworden). Rechts oben sieht man ein typisch deutsches Gericht, Sauerbraten mit Rotkohl und Kl\u00f6\u00dfen (good old German Gem\u00fctlichkeit) &#8211; das war meine Mahlzeit im <a href=\"https:\/\/www.aachener-brauhaus.de\" target=\"_blank\" rel=\"noopener\">Aachener Brauhaus<\/a> an dem Abend, als Alemannia Aachen aufgestiegen ist. Einen Klo\u00df habe ich dabei durch den aktuellen Turnierfu\u00dfball ersetzt. Rechts unten sieht man inzwischen die Fu\u00dfball Arena M\u00fcnchen (normalerweise &#8220;Arrog&#8221;&#8230;, \u00e4h, &#8220;Allianz-Arena&#8221;), Spielst\u00e4tte des Er\u00f6ffnungsspiels (das urspr\u00fcngliche Foto habe ich inzwischen durch eins vom EM-Er\u00f6ffnungsspiel ausgetauscht; ein herzlicher Dank geht an den Alemannen HVB f\u00fcr das Foto! &#8211; au\u00dferdem hatte ich mich dort ja auch <a href=\"https:\/\/www.flachpass.net\/index.php\/special-bayern-bewerbung\/\">beworben<\/a>). Schlie\u00dflich in der Mitte das Brandenburger Tor in Berlin, der Stadt, in der das Endspiel stattfindet. Zuf\u00e4llig kommt da v\u00f6llig schwerelos Major Tom angeflogen (die Comicfigur wurde vom N\u00fcrnberger <a href=\"https:\/\/www.tessloff.com\/produkt\/der-kleine-major-tom-band-1-voellig-losgeloest-9783788640019.html\" target=\"_blank\" rel=\"noopener\">Tessloff-Verlag<\/a> kreiert, womit auch mein Wohnort ber\u00fccksichtigt wird, auch wenn er kein EM-Spielort ist)&#8230;<\/p>\r\n<!-- \/wp:paragraph -->\r\n\r\n<!-- wp:paragraph -->\r\n<p>Und nun viel Spa\u00df!<\/p>","protected":false},"excerpt":{"rendered":"<div class=\"mh-excerpt\"><p>(Ich bin \u00fcbrigens der Herr links) As time goes by &#8211; meine erste Fu\u00dfballseite zu einem gro\u00dfen Turnier war 2002 anl\u00e4sslich der WM in Japan <a class=\"mh-excerpt-more\" href=\"http:\/\/www.flachpass.net\/index.php\/allgemein\/\" title=\"Allgemein\">[&#8230;]<\/a><\/p>\n<\/div>","protected":false},"author":1,"featured_media":0,"parent":0,"menu_order":0,"comment_status":"closed","ping_status":"closed","template":"","meta":{"ngg_post_thumbnail":0,"footnotes":""},"class_list":["post-1545","page","type-page","status-publish","hentry"],"_links":{"self":[{"href":"http:\/\/www.flachpass.net\/index.php\/wp-json\/wp\/v2\/pages\/1545"}],"collection":[{"href":"http:\/\/www.flachpass.net\/index.php\/wp-json\/wp\/v2\/pages"}],"about":[{"href":"http:\/\/www.flachpass.net\/index.php\/wp-json\/wp\/v2\/types\/page"}],"author":[{"embeddable":true,"href":"http:\/\/www.flachpass.net\/index.php\/wp-json\/wp\/v2\/users\/1"}],"replies":[{"embeddable":true,"href":"http:\/\/www.flachpass.net\/index.php\/wp-json\/wp\/v2\/comments?post=1545"}],"version-history":[{"count":18,"href":"http:\/\/www.flachpass.net\/index.php\/wp-json\/wp\/v2\/pages\/1545\/revisions"}],"predecessor-version":[{"id":2153,"href":"http:\/\/www.flachpass.net\/index.php\/wp-json\/wp\/v2\/pages\/1545\/revisions\/2153"}],"wp:attachment":[{"href":"http:\/\/www.flachpass.net\/index.php\/wp-json\/wp\/v2\/media?parent=1545"}],"curies":[{"name":"wp","href":"https:\/\/api.w.org\/{rel}","templated":true}]}}