{"id":1906,"date":"2024-06-05T14:16:08","date_gmt":"2024-06-05T12:16:08","guid":{"rendered":"https:\/\/www.flachpass.net\/?page_id=1906"},"modified":"2024-07-03T17:09:41","modified_gmt":"2024-07-03T15:09:41","slug":"musikalisches-2","status":"publish","type":"page","link":"http:\/\/www.flachpass.net\/index.php\/musikalisches-2\/","title":{"rendered":"Musikalisches"},"content":{"rendered":"<h3><span style=\"font-family: Arial, Helvetica, Geneva, sans-serif, sans-serif;\"><b><span class=\"bandname\">Die offiziellen UEFA-Hymnen \/ -CDs<\/span><\/b><\/span><\/h3>\n<p style=\"text-align: center;\"><img loading=\"lazy\" decoding=\"async\" class=\"aligncenter size-full wp-image-1920\" src=\"http:\/\/www.flachpass.net\/wp-content\/uploads\/2024\/06\/das_tor.jpg\" alt=\"\" width=\"204\" height=\"203\" srcset=\"http:\/\/www.flachpass.net\/wp-content\/uploads\/2024\/06\/das_tor.jpg 204w, http:\/\/www.flachpass.net\/wp-content\/uploads\/2024\/06\/das_tor-150x150.jpg 150w\" sizes=\"(max-width: 204px) 100vw, 204px\" \/><\/p>\n<p><span style=\"font-family: Arial, Helvetica, Geneva, sans-serif, sans-serif;\">Wann es die erste offizielle Hymne zu einer EM gab, ist nicht mehr ganz zu kl\u00e4ren, ob erst 1992 oder bereits 1988. Denn 1988 gab es ein offizielles Lied zum Turnier, \u201c<strong>Das Tor<\/strong>\u201d vom Ex-Schlagzeuger der Gruppe \u201cTrio\u201d. Die Platte hat sich allerdings nicht sonderlich gut verkauft, auch weil bzw. obwohl der Text nicht sehr intellektuell war (\u201cJa, wenn ein Tor f\u00e4llt, wenn ein Tor f\u00e4llt, dann baun\u2019n wir\u2019s wieder auf..\u201d). Das UEFA-Logo trug die Single-Schallplatte aber noch nicht.<\/span><span style=\"font-family: Arial, Helvetica, Geneva, sans-serif, sans-serif;\"><b>&nbsp;<\/b><\/span><\/p>\n<p>&nbsp;<\/p>\n<p style=\"text-align: center;\"><img loading=\"lazy\" decoding=\"async\" class=\"aligncenter size-full wp-image-1923\" src=\"http:\/\/www.flachpass.net\/wp-content\/uploads\/2024\/06\/more_than_a_game.jpg\" alt=\"\" width=\"202\" height=\"174\"><\/p>\n<div align=\"left\">\n<p><span style=\"font-family: Arial, Helvetica, Geneva, sans-serif, sans-serif;\">Doch nachdem die FIFA 1990 zum ersten Mal mit \u201cUn estate italiana\u201d eine offizielle Hymne f\u00fcr eine Fu\u00dfball-Weltmeisterschaft vorstellte, zog die UEFA 1992 auch in dieser Hinsicht nach: Das Lied zur EM in Schweden hie\u00df \u201c<strong>More Than a Game<\/strong>\u201d und wurde von Towe Jaarnek und Peter J\u00f6back gesungen. In besonderer Erinnerung ist das Lied aber nicht geblieben.<\/span><span style=\"font-family: Arial, Helvetica, Geneva, sans-serif, sans-serif;\"><b>&nbsp;<\/b><\/span><\/p>\n<p><iframe loading=\"lazy\" title=\"Towe Jaarnek &amp; Peter J\u00f6back - More Than A Game\" width=\"500\" height=\"375\" src=\"https:\/\/www.youtube.com\/embed\/dkLB9inivcY?feature=oembed\" frameborder=\"0\" allow=\"accelerometer; autoplay; clipboard-write; encrypted-media; gyroscope; picture-in-picture; web-share\" referrerpolicy=\"strict-origin-when-cross-origin\" allowfullscreen><\/iframe><\/p>\n<\/div>\n<div class=\"footer\">&nbsp;<\/div>\n<p style=\"text-align: center;\"><img loading=\"lazy\" decoding=\"async\" class=\"aligncenter size-full wp-image-1925\" src=\"http:\/\/www.flachpass.net\/wp-content\/uploads\/2024\/06\/were_in_this_together.jpg\" alt=\"\" width=\"204\" height=\"179\"><\/p>\n<p><span style=\"font-family: Arial, Helvetica, Geneva, sans-serif, sans-serif;\">1996 hie\u00df die offizielle EM-Hymne dann \u201c<strong>We\u2019re In This Together<\/strong>\u201d von Simply Red. Das Lied war allerdings ebenfalls kein gro\u00dfer Hit, was wohl auch daran lag, dass es nie aus dem Schatten des zeitgleich auf den Markt gekommenen \u201c<strong>Football\u2019s coming home<\/strong>\u201d treten konnte &#8211; ein Fu\u00dfballlied, das auch 28 Jahre sp\u00e4ter immer noch \u00fcberall gespielt wird.<\/span><\/p>\n<p><iframe loading=\"lazy\" title=\"Simply Red - We&#039;re In This Together (Official Video)\" width=\"500\" height=\"281\" src=\"https:\/\/www.youtube.com\/embed\/TmQQJ8FQioc?feature=oembed\" frameborder=\"0\" allow=\"accelerometer; autoplay; clipboard-write; encrypted-media; gyroscope; picture-in-picture; web-share\" referrerpolicy=\"strict-origin-when-cross-origin\" allowfullscreen><\/iframe><\/p>\n<p style=\"text-align: center;\"><img loading=\"lazy\" decoding=\"async\" class=\"aligncenter size-full wp-image-1922\" src=\"http:\/\/www.flachpass.net\/wp-content\/uploads\/2024\/06\/euro-2000.jpg\" alt=\"\" width=\"212\" height=\"210\" srcset=\"http:\/\/www.flachpass.net\/wp-content\/uploads\/2024\/06\/euro-2000.jpg 212w, http:\/\/www.flachpass.net\/wp-content\/uploads\/2024\/06\/euro-2000-150x150.jpg 150w\" sizes=\"(max-width: 212px) 100vw, 212px\" \/><\/p>\n<p align=\"left\"><span style=\"font-family: Arial, Helvetica, Geneva, sans-serif, sans-serif;\">Erfolgreicher in Sachen offizielle EM-Hymnen hingegen war der Song \u201c<strong>Campione<\/strong>\u201d von E-Type zur EM 2000, auch wenn sich hier bereits ein Trend abzeichnete, dass bei der UEFA ein anderer Musikgeschmack als bei der FIFA herrscht:&nbsp;&#8220;<strong><span style=\"font-family: Arial;\">Campione<\/span><\/strong>&#8221; war vom Stil her Dance, allerdings durchaus noch gut zum mitgr\u00f6hlen (w\u00e4hrend die FIFA-Hymnen eher auf musikalische \u00c4sthetik und die Bedeutung des Textes wert legten &#8211; eine Ausnahme bildet hier zugegebenerma\u00dfen \u201cBoom\u201d von Anastacia) und damit immer noch fannah. Zum ersten Mal gab es bei dieser Europameisterschaft auch ein ganzes Album zu kaufen, mit Songs u. a. von Dario G (\u201cCarnaval de Paris 2000\u201d) und den Pet Shop Boys (\u201c<span style=\"color: #000000;\">J<\/span>erusalem\u201d) sowie U96 (\u201cFootball is the game\u201d).<\/span><span style=\"font-family: Arial, Helvetica, Geneva, sans-serif, sans-serif;\"><b>&nbsp;<\/b><\/span><\/p>\n<p><iframe loading=\"lazy\" title=\"E-Type - Campione (Paul Oakenfold&#039;s Euro 2000 Game Version)\" width=\"500\" height=\"375\" src=\"https:\/\/www.youtube.com\/embed\/9KJy3Ob88J0?feature=oembed\" frameborder=\"0\" allow=\"accelerometer; autoplay; clipboard-write; encrypted-media; gyroscope; picture-in-picture; web-share\" referrerpolicy=\"strict-origin-when-cross-origin\" allowfullscreen><\/iframe><\/p>\n<div class=\"footer\">\n<div class=\"footer\">&nbsp;<\/div>\n<p style=\"text-align: center;\"><img loading=\"lazy\" decoding=\"async\" class=\"aligncenter size-full wp-image-1924\" src=\"http:\/\/www.flachpass.net\/wp-content\/uploads\/2024\/06\/vive_o_2004.jpg\" alt=\"\" width=\"175\" height=\"174\" srcset=\"http:\/\/www.flachpass.net\/wp-content\/uploads\/2024\/06\/vive_o_2004.jpg 175w, http:\/\/www.flachpass.net\/wp-content\/uploads\/2024\/06\/vive_o_2004-150x150.jpg 150w\" sizes=\"(max-width: 175px) 100vw, 175px\" \/><\/p>\n<\/div>\n<p><span style=\"font-family: Arial, Helvetica, Geneva, sans-serif, sans-serif;\">Bei der EM 2004 gab es dann erneut ein offizielles Album, \u201cVive o 2004!\u201d, offizieller Song war \u201c<strong>Forca<\/strong>\u201d von Nelly Furtado. Die Hymne war \u00e4u\u00dferst erfolgreich, ganz im Gegensatz zur deutschen Nationalmannschaft, die bereits in der Vorrunde ausgeschieden ist. Ansonsten waren auf dem Album bekannte K\u00fcnstler wie beispielsweise Bob Marley und U2 vertreten.<\/span><\/p>\n<p><iframe loading=\"lazy\" title=\"For\u00e7a - Nelly Furtado - EURO 2004 (Est\u00e1dio da Luz)\" width=\"500\" height=\"375\" src=\"https:\/\/www.youtube.com\/embed\/GUkBa7uMIqU?feature=oembed\" frameborder=\"0\" allow=\"accelerometer; autoplay; clipboard-write; encrypted-media; gyroscope; picture-in-picture; web-share\" referrerpolicy=\"strict-origin-when-cross-origin\" allowfullscreen><\/iframe><\/p>\n<div class=\"footer\">\n<div class=\"footer\">&nbsp;<\/div>\n<div class=\"footer\" style=\"text-align: center;\"><img loading=\"lazy\" decoding=\"async\" class=\"aligncenter size-full wp-image-1919\" src=\"http:\/\/www.flachpass.net\/wp-content\/uploads\/2024\/06\/can_you_hear_me_.jpg\" alt=\"\" width=\"300\" height=\"300\" srcset=\"http:\/\/www.flachpass.net\/wp-content\/uploads\/2024\/06\/can_you_hear_me_.jpg 300w, http:\/\/www.flachpass.net\/wp-content\/uploads\/2024\/06\/can_you_hear_me_-150x150.jpg 150w\" sizes=\"(max-width: 300px) 100vw, 300px\" \/><\/div>\n<\/div>\n<p align=\"left\"><span style=\"font-family: Arial, Helvetica, Geneva, sans-serif, sans-serif;\">Was die offizielle Hymne der EM 2008 anbelangte, kam bei mir zun\u00e4chst das kalte Grausen zum Vorschein: \u201cLike a superstar\u201d von Shaggy war nun wirklich kein Lied, das irgend etwas mit Fu\u00dfball zu tun hat. Keine eingehende Melodie, kein Text zum Mitsingen bzw. Mitgr\u00f6hlen. Doch wie sich herausstellte, war dies nur das offizielle &#8220;Maskottchen&#8221;-Lied, \u00e4hnlich &#8220;Love Generation&#8221; zur WM 2006. Auch das zweite Lied von Shaggy, &#8220;Feel the Rush&#8221;, ist nicht die offizielle Hymne. Bez\u00fcglich des Hymnen-Wirrwarrs stand die UEFA also der FIFA auch in nichts mehr nach. Die letztendlich offizielle Hymne sang Enrique Iglesias mit dem Titel &#8220;<strong>Can you hear me<\/strong>&#8220;. Ein offizielles Album&nbsp;gab es im Gegensatz zu den letzten beiden Europameisterschaften hingegen nicht.<\/span><\/p>\n<p><iframe loading=\"lazy\" title=\"Enrique Iglesias - Can You Hear Me\" width=\"500\" height=\"281\" src=\"https:\/\/www.youtube.com\/embed\/sKwG5SM8sKk?feature=oembed\" frameborder=\"0\" allow=\"accelerometer; autoplay; clipboard-write; encrypted-media; gyroscope; picture-in-picture; web-share\" referrerpolicy=\"strict-origin-when-cross-origin\" allowfullscreen><\/iframe><\/p>\n<p align=\"left\">&nbsp;<\/p>\n<p style=\"text-align: center;\"><img loading=\"lazy\" decoding=\"async\" class=\"aligncenter size-full wp-image-1921\" src=\"http:\/\/www.flachpass.net\/wp-content\/uploads\/2024\/06\/endless_summer.jpg\" alt=\"\" width=\"300\" height=\"300\" srcset=\"http:\/\/www.flachpass.net\/wp-content\/uploads\/2024\/06\/endless_summer.jpg 300w, http:\/\/www.flachpass.net\/wp-content\/uploads\/2024\/06\/endless_summer-150x150.jpg 150w\" sizes=\"(max-width: 300px) 100vw, 300px\" \/><\/p>\n<p align=\"left\">Auch zu EURO 2012 gab es kein Album mehr, sondern &#8220;nur&#8221; eine offizielle Hymne: &#8220;<strong>Endless Summer<\/strong>&#8221; von Oceana. Der Song enth\u00e4lt laut offizieller Beschreibung&nbsp;Elemente von Soul, Pop, R\u2019n\u2019B, Jazz, Funk oder Reggae. Ah ja, fehlt nur noch Klassik und Schlager! Na dann&#8230;<\/p>\n<p><iframe loading=\"lazy\" title=\"Oceana - Endless Summer (Official Video UEFA EURO 2012)\" width=\"500\" height=\"281\" src=\"https:\/\/www.youtube.com\/embed\/5EVhiBGvVFc?feature=oembed\" frameborder=\"0\" allow=\"accelerometer; autoplay; clipboard-write; encrypted-media; gyroscope; picture-in-picture; web-share\" referrerpolicy=\"strict-origin-when-cross-origin\" allowfullscreen><\/iframe><\/p>\n<p><span style=\"font-family: Arial, Helvetica, Geneva, sans-serif, sans-serif;\">In den Folgejahren blieb es ebenfalls dabei, dass es kein offizielles Album, sondern nur noch Hymnen gab. 2016 zur EM in Frankreich war dies &#8220;<strong>This One&#8217;s For You<\/strong>&#8221; von David Guetta ft. Zara Larsson:<\/span><\/p>\n<p><iframe loading=\"lazy\" title=\"David Guetta ft. Zara Larsson - This One&#039;s For You (Music Video) (UEFA EURO 2016\u2122 Official Song)\" width=\"500\" height=\"281\" src=\"https:\/\/www.youtube.com\/embed\/MoHnffhBwqs?feature=oembed\" frameborder=\"0\" allow=\"accelerometer; autoplay; clipboard-write; encrypted-media; gyroscope; picture-in-picture; web-share\" referrerpolicy=\"strict-origin-when-cross-origin\" allowfullscreen><\/iframe><\/p>\n<p><span style=\"font-family: Arial, Helvetica, Geneva, sans-serif, sans-serif;\">Zur transeurop\u00e4ischen EURO 2020, die wegen Corona erst 2021 stattfand, folgte dann &#8220;We Are The People&#8221; von Martin Garrix ft. Bono &amp; The Edge:<\/span><\/p>\n<p><iframe loading=\"lazy\" title=\"Martin Garrix feat. Bono &amp; The Edge - We Are The People [UEFA EURO 2020 Song] (Official Video)\" width=\"500\" height=\"375\" src=\"https:\/\/www.youtube.com\/embed\/kGT73GcwhCU?feature=oembed\" frameborder=\"0\" allow=\"accelerometer; autoplay; clipboard-write; encrypted-media; gyroscope; picture-in-picture; web-share\" referrerpolicy=\"strict-origin-when-cross-origin\" allowfullscreen><\/iframe><\/p>\n<p><span style=\"font-family: Arial, Helvetica, Geneva, sans-serif, sans-serif;\">Und zur diesj\u00e4hrigen Heim-EURO 2024 haben Leony, One Republic &amp; Meduza die Ehre, den offiziellen Song &#8220;<strong>Fire<\/strong>&#8221; zu singen:<\/span><\/p>\n<p><iframe loading=\"lazy\" title=\"MEDUZA, OneRepublic, Leony - Fire (Official UEFA EURO 2024 Song)\" width=\"500\" height=\"281\" src=\"https:\/\/www.youtube.com\/embed\/C5B22ONbFrc?feature=oembed\" frameborder=\"0\" allow=\"accelerometer; autoplay; clipboard-write; encrypted-media; gyroscope; picture-in-picture; web-share\" referrerpolicy=\"strict-origin-when-cross-origin\" allowfullscreen><\/iframe><\/p>\n<p><span style=\"font-family: Arial, Helvetica, Geneva, sans-serif, sans-serif;\">Ein offizielles Album gibt es auch diesmal nicht, daf\u00fcr aber eine 137 St\u00fcck lange <a href=\"https:\/\/www.youtube.com\/playlist?list=PLZ-kjk12I7o71jucFC1mQnP7vdZL5kzds\" target=\"_blank\" rel=\"noopener\">offizielle Playlist<\/a>, auf der sich haupts\u00e4chlich alte EM- und WM-Songs befinden.<\/span><\/p>\n<p><span style=\"font-family: Arial, Helvetica, Geneva, sans-serif, sans-serif;\">Einen sch\u00f6nen Artikel \u00fcber den offiziellen EM-Song und einen R\u00fcckblick auf seine Vorg\u00e4nger hat \u00fcbrigens das RedaktionsNetzwerk Deutschland geschrieben: &#8220;<a href=\"https:\/\/www.rnd.de\/kultur\/em-song-fire-ein-lied-wie-ein-ermuedungsbruch-IWA6VSMW6VHP3MH5VDZA4G6UFE.html\" target=\"_blank\" rel=\"noopener\">Offizieller EM-Song \u201eFire\u201c: Ein Lied wie ein Erm\u00fcdungsbruch<\/a>&#8220;.<\/span><\/p>\n<p><span style=\"font-family: Arial, Helvetica, Geneva, sans-serif, sans-serif;\"><b><span class=\"bandname\">Die inoffiziellen EM-Songs<\/span><\/b><\/span><\/p>\n<div align=\"left\">\n<p><span style=\"font-family: Arial, Helvetica, Geneva, sans-serif, sans-serif;\">Eins vorweg: Die deutsche Nationalmannschaft hat \u00fcbrigens nur zu Weltmeisterschaften, aber nie zu Europameisterschaften das Tr\u00e4llern angefangen&#8230;<\/span><\/p>\n<p><span style=\"font-family: Arial, Helvetica, Geneva, sans-serif, sans-serif;\">Richtig los ging es mit inoffiziellen Songs bei der Europameisterschaft 1996 mit &#8220;<strong>Football&#8217;s coming home<\/strong>&#8220;, von den &#8220;Lightning Seeds&#8221;,einem der gr\u00f6\u00dften Fu\u00dfballhits aller Zeiten:<\/span><\/p>\n<p><iframe loading=\"lazy\" title=\"Three Lions (Football&#039;s Coming Home) (Official Video)\" width=\"500\" height=\"375\" src=\"https:\/\/www.youtube.com\/embed\/RJqimlFcJsM?feature=oembed\" frameborder=\"0\" allow=\"accelerometer; autoplay; clipboard-write; encrypted-media; gyroscope; picture-in-picture; web-share\" referrerpolicy=\"strict-origin-when-cross-origin\" allowfullscreen><\/iframe><\/p>\n<p><span style=\"font-family: Arial, Helvetica, Geneva, sans-serif, sans-serif;\"> Doch auch bei der Europameisterschaft 2000 gab es einen gro\u00dfen Hit, als der Song des ZDF zur EM &#8220;<strong>It&#8217;s my life<\/strong>&#8220;, von Jon Bon Jovi, lautete und die Massen (auch mich, damals, als ich noch jung war&#8230;) begeisterte.<\/span><\/p>\n<p><span style=\"font-family: Arial, Helvetica, Geneva, sans-serif, sans-serif;\">2004 hingegen kann ich mich nur noch an das Lied &#8220;<strong>Doch wenn&#8217;s um Fu\u00dfball geht, hass&#8217; ich Holland wie die Pest<\/strong>&#8221; von Joint Venture erinnern, das aber auch nichts brachte, denn Deutschland schied gegen Holland in der Vorrunde aus.<\/span><\/p>\n<p><span style=\"font-family: Arial, Helvetica, Geneva, sans-serif, sans-serif;\">2008 hingegen gab es eine regelrechte Flut von Songs zur EURO: Reinhard Fendrich hatte zusammen mit der \u00f6sterreichischen Nationalmannschaft &#8220;<strong>Wir sind Europa<\/strong>&#8221; gesungen, das offizielle Lied des \u00f6sterreichischen Verbands wurde von Christina St\u00fcrmer gesungen und hie\u00df &#8220;<span style=\"color: #000000;\"><strong>Fieber<\/strong><\/span>&#8220;, die Schweizer zogen gleich mit &#8220;<strong>Bring En Hei<\/strong>&#8221; von Baschi (kann sich eigentlich noch jemand an Clirim Bashi, den ehemaligen Innenverteidiger von Alemannia Aachen, erinnern?), und auch die deutsche Nationalmannschaft hatte wieder einen eigenen Song: &#8220;<strong>Helden &#8217;08<\/strong>&#8220;, sehr einfallsreich, von der Teenieband &#8220;Revolverhelden&#8221;. Oliver Pocher hatte es sich ebenfalls nicht nehmen lassen, nochmal zu singen und die Schweizer Hymne nachgeahmt: &#8220;<strong>Bringt ihn heim!<\/strong>&#8220;. Der unwidersprochene Hit des Turniers war dann jedoch &#8220;<strong>Seven Nation Army<\/strong>&#8221; von den White Stripes. Auch dieses Lied hat sich bis heute gehalten.<\/span><\/p>\n<p><span style=\"font-family: Arial, Helvetica, Geneva, sans-serif, sans-serif;\">Zur EM 2012 ist allenfalls der offizielle ZDF-EM-Song <strong>&#8220;I like To Move It<\/strong>&#8221; von &#8220;Los Colorados&#8221; erw\u00e4hnenswert, zur EM 2016 ebenfalls vom ZDF &#8220;<strong>Wir sind gro\u00df<\/strong>&#8221; von Mark Foster sowie das intellektuelle Lied &#8220;<strong>Schalala nach Hause<\/strong>&#8221; von Jan Zerbst und Mickie Krause.<\/span><\/p>\n<p><span style=\"font-family: Arial, Helvetica, Geneva, sans-serif, sans-serif;\">2021 zur EURO 2020 war dann mal die ARD mit &#8220;<strong>Die guten Zeiten<\/strong>&#8221; von den deutschen Pop-Musikern Wincent Weiss und Johannes Oerding dran.<\/span><\/p>\n<p><span style=\"font-family: Arial, Helvetica, Geneva, sans-serif, sans-serif;\">Und was erwartet uns zur Heim-EURO 2024? Mark Forster hat diesmal die Seiten gewechselt und singt &#8220;<b>Wenn Du Mich Rufst<\/b>&#8221; f\u00fcr die ARD:<\/span><\/p>\n<p><iframe loading=\"lazy\" title=\"Mark Forster - Wenn Du Mich Rufst (Official Video)\" width=\"500\" height=\"375\" src=\"https:\/\/www.youtube.com\/embed\/j78M7ET9zFg?feature=oembed\" frameborder=\"0\" allow=\"accelerometer; autoplay; clipboard-write; encrypted-media; gyroscope; picture-in-picture; web-share\" referrerpolicy=\"strict-origin-when-cross-origin\" allowfullscreen><\/iframe><\/p>\n<p><span style=\"font-family: Arial, Helvetica, Geneva, sans-serif, sans-serif;\">F\u00fcr das ZDF ist die Indie-Pop-Band Provinz mit &#8220;<strong>Glaubst du<\/strong>&#8221; am Start:<\/span><\/p>\n<p><iframe loading=\"lazy\" title=\"Provinz - glaubst du (Official Video)\" width=\"500\" height=\"281\" src=\"https:\/\/www.youtube.com\/embed\/JqOVnlXYgtk?feature=oembed\" frameborder=\"0\" allow=\"accelerometer; autoplay; clipboard-write; encrypted-media; gyroscope; picture-in-picture; web-share\" referrerpolicy=\"strict-origin-when-cross-origin\" allowfullscreen><\/iframe><\/p>\n<p><span style=\"font-family: Arial, Helvetica, Geneva, sans-serif, sans-serif;\">Die beliebteste Fanhymne d\u00fcrfte allerdings ein alter Hit werden (ein Jahr j\u00fcnger als ich), der eine wahre Renaissance erlebt &#8211; &#8220;<strong>Major Tom<\/strong>&#8221; von Peter Schilling:<\/span><\/p>\n<p><iframe loading=\"lazy\" title=\"Peter Schilling - Major Tom (V\u00f6llig losgel\u00f6st...) |\u00a01st German Video Version 1982\" width=\"500\" height=\"375\" src=\"https:\/\/www.youtube.com\/embed\/KQRaj1vcnrs?feature=oembed\" frameborder=\"0\" allow=\"accelerometer; autoplay; clipboard-write; encrypted-media; gyroscope; picture-in-picture; web-share\" referrerpolicy=\"strict-origin-when-cross-origin\" allowfullscreen><\/iframe><\/p>\n<p><span style=\"font-family: Arial, Helvetica, Geneva, sans-serif, sans-serif;\">Oder wird es doch &#8220;Wir sagen dankesch\u00f6n&#8221; von Olaf der Flipper feat. Matze Knop?<\/span><\/p>\n<p><iframe loading=\"lazy\" title=\"Olaf der Flipper feat. Matze Knop - Wir sagen dankesch\u00f6n (Stadion Version - 2024)\" width=\"500\" height=\"375\" src=\"https:\/\/www.youtube.com\/embed\/rveImJqaAXs?feature=oembed\" frameborder=\"0\" allow=\"accelerometer; autoplay; clipboard-write; encrypted-media; gyroscope; picture-in-picture; web-share\" referrerpolicy=\"strict-origin-when-cross-origin\" allowfullscreen><\/iframe><\/p>\n<p><span style=\"font-family: Arial, Helvetica, Geneva, sans-serif, sans-serif;\">Auf niederl\u00e4ndischer Seite wird der Hit auf jeden Fall &#8220;Links Rechts&#8221; von Snollebollekes sein:<\/span><\/p>\n<p><iframe loading=\"lazy\" title=\"Snollebollekes - Links Rechts\" width=\"500\" height=\"281\" src=\"https:\/\/www.youtube.com\/embed\/pFEDBewcfks?feature=oembed\" frameborder=\"0\" allow=\"accelerometer; autoplay; clipboard-write; encrypted-media; gyroscope; picture-in-picture; web-share\" referrerpolicy=\"strict-origin-when-cross-origin\" allowfullscreen><\/iframe><\/p>\n<p><span style=\"font-family: Arial, Helvetica, Geneva, sans-serif, sans-serif;\">Und dann gibt es noch die Neuauflage des offiziellen Songs zum Sommerm\u00e4rchen 2006, als die WM in Deutschland stattfand &#8211; in Zusammenarbeit mit der deutschen Pop-Legende Herbert Gr\u00f6nemeyer will der Rapper $oho Bani mit dem inoffiziellen EM-Song \u201e<strong>Zeit, dass sich was dreht<\/strong>\u201c f\u00fcr das Sommerm\u00e4rchen 2.0 sorgen. Einen aktiven Gesangspart in dem Lied nimmt der 68-j\u00e4hrige Gr\u00f6nemeyer aber nicht ein:<\/span><\/p>\n<p><iframe loading=\"lazy\" title=\"$oho Bani, Herbert Gr\u00f6nemeyer - ZEIT, DASS SICH WAS DREHT (prod. by Ericson &amp; Drunken Masters)\" width=\"500\" height=\"281\" src=\"https:\/\/www.youtube.com\/embed\/GwTveAHmDp8?feature=oembed\" frameborder=\"0\" allow=\"accelerometer; autoplay; clipboard-write; encrypted-media; gyroscope; picture-in-picture; web-share\" referrerpolicy=\"strict-origin-when-cross-origin\" allowfullscreen><\/iframe><\/p>\n<p><span style=\"font-family: Arial, Helvetica, Geneva, sans-serif, sans-serif;\"><b><span class=\"bandname\">Die Hits zur Sommerm\u00e4rchen-WM 2006 in Deutschland<\/span><\/b><\/span><\/p>\n<p><span style=\"font-family: Arial, Helvetica, Geneva, sans-serif, sans-serif;\">Der eine oder andere wird in diesen Tagen mit Sicherheit nochmal daran zur\u00fcckdenken, wie das war, damals 2006, und in alten Erinnerungen schwelgen. Dazu geh\u00f6ren nat\u00fcrlich auch die Songs von damals, und der letzte inoffizielle ist da gleich eine gute \u00dcberleitung &#8211; hier der offizielle Song zur WM 2006, &#8220;<strong>Zeit, dass sich was dreht<\/strong>&#8221; von Herbert Gr\u00f6nemeyer:<\/span><\/p>\n<\/div>\n<p><iframe loading=\"lazy\" title=\"Herbert Gr\u00f6nemeyer - Zeit, dass sich was dreht (offizielles Musikvideo)\" width=\"500\" height=\"375\" src=\"https:\/\/www.youtube.com\/embed\/LKi4BlO_ls8?feature=oembed\" frameborder=\"0\" allow=\"accelerometer; autoplay; clipboard-write; encrypted-media; gyroscope; picture-in-picture; web-share\" referrerpolicy=\"strict-origin-when-cross-origin\" allowfullscreen><\/iframe><\/p>\n<p><span style=\"font-family: Arial, Helvetica, Geneva, sans-serif, sans-serif;\">Es gab dann auch noch ein offizielles Maskottchen-Lied mit Goleo VI. und Pille, das sogar bereits Monate vor Beginn der WM 2006 erschienen ist, &#8220;<strong>Love Generation<\/strong>&#8221; von Bob Sinclair:<\/span><\/p>\n<p><iframe loading=\"lazy\" title=\"Bob Sinclar - Love Generation (Official Video)\" width=\"500\" height=\"375\" src=\"https:\/\/www.youtube.com\/embed\/v0NSeysrDYw?feature=oembed\" frameborder=\"0\" allow=\"accelerometer; autoplay; clipboard-write; encrypted-media; gyroscope; picture-in-picture; web-share\" referrerpolicy=\"strict-origin-when-cross-origin\" allowfullscreen><\/iframe><\/p>\n<p><span style=\"font-family: Arial, Helvetica, Geneva, sans-serif, sans-serif;\">Der gr\u00f6\u00dfte Hit hierzulande d\u00fcrfte aber ganz klar &#8220;\u2019<strong>54, \u201874, \u201890, 2006<\/strong>&#8221; von den Sportfreunden Stiller gewesen sein:<\/span><\/p>\n<p><iframe loading=\"lazy\" title=\"Sportfreunde Stiller - &#039;54, &#039;74, &#039;90, 2006 (Video)\" width=\"500\" height=\"375\" src=\"https:\/\/www.youtube.com\/embed\/rj9KyVpCfYg?feature=oembed\" frameborder=\"0\" allow=\"accelerometer; autoplay; clipboard-write; encrypted-media; gyroscope; picture-in-picture; web-share\" referrerpolicy=\"strict-origin-when-cross-origin\" allowfullscreen><\/iframe><\/p>\n<p><span style=\"font-family: Arial, Helvetica, Geneva, sans-serif, sans-serif;\">Ebenfalls ein sehr sch\u00f6nes Lied war &#8220;<strong>Schie\u00df den Ball ins Tor<\/strong>&#8221; von Max Raabe und dem Palastorchester:<\/span><\/p>\n<p><iframe loading=\"lazy\" title=\"Schie\u00df den Ball ins Tor\" width=\"500\" height=\"375\" src=\"https:\/\/www.youtube.com\/embed\/PzAPeUki2cQ?feature=oembed\" frameborder=\"0\" allow=\"accelerometer; autoplay; clipboard-write; encrypted-media; gyroscope; picture-in-picture; web-share\" referrerpolicy=\"strict-origin-when-cross-origin\" allowfullscreen><\/iframe><\/p>\n<p><span style=\"font-family: Arial, Helvetica, Geneva, sans-serif, sans-serif;\">Warten wir es ab, was dieses Mal noch f\u00fcr Lieder auftauchen und welche davon tats\u00e4chlich Ohrw\u00fcrmer werden&#8230;<\/span><\/p>\n","protected":false},"excerpt":{"rendered":"<div class=\"mh-excerpt\"><p>Die offiziellen UEFA-Hymnen \/ -CDs Wann es die erste offizielle Hymne zu einer EM gab, ist nicht mehr ganz zu kl\u00e4ren, ob erst 1992 oder <a class=\"mh-excerpt-more\" href=\"http:\/\/www.flachpass.net\/index.php\/musikalisches-2\/\" title=\"Musikalisches\">[&#8230;]<\/a><\/p>\n<\/div>","protected":false},"author":1,"featured_media":0,"parent":0,"menu_order":0,"comment_status":"closed","ping_status":"closed","template":"","meta":{"ngg_post_thumbnail":0,"footnotes":""},"class_list":["post-1906","page","type-page","status-publish","hentry"],"_links":{"self":[{"href":"http:\/\/www.flachpass.net\/index.php\/wp-json\/wp\/v2\/pages\/1906"}],"collection":[{"href":"http:\/\/www.flachpass.net\/index.php\/wp-json\/wp\/v2\/pages"}],"about":[{"href":"http:\/\/www.flachpass.net\/index.php\/wp-json\/wp\/v2\/types\/page"}],"author":[{"embeddable":true,"href":"http:\/\/www.flachpass.net\/index.php\/wp-json\/wp\/v2\/users\/1"}],"replies":[{"embeddable":true,"href":"http:\/\/www.flachpass.net\/index.php\/wp-json\/wp\/v2\/comments?post=1906"}],"version-history":[{"count":16,"href":"http:\/\/www.flachpass.net\/index.php\/wp-json\/wp\/v2\/pages\/1906\/revisions"}],"predecessor-version":[{"id":4168,"href":"http:\/\/www.flachpass.net\/index.php\/wp-json\/wp\/v2\/pages\/1906\/revisions\/4168"}],"wp:attachment":[{"href":"http:\/\/www.flachpass.net\/index.php\/wp-json\/wp\/v2\/media?parent=1906"}],"curies":[{"name":"wp","href":"https:\/\/api.w.org\/{rel}","templated":true}]}}