{"id":1192,"date":"2018-06-29T17:50:48","date_gmt":"2018-06-29T17:50:48","guid":{"rendered":"http:\/\/www.flachpass.net\/?page_id=1192"},"modified":"2024-07-15T13:48:48","modified_gmt":"2024-07-15T11:48:48","slug":"fotoalben","status":"publish","type":"page","link":"https:\/\/www.flachpass.net\/index.php\/fotoalben\/","title":{"rendered":"Fotoalben"},"content":{"rendered":"<p>14.06.2024: <a href=\"index.php\/fotoalbum-deutschland-schottland\/\">Deutschland &#8211; Schottland (N\u00fcrnberg)<\/a><\/p>\n<p>19.06.2024: <a href=\"https:\/\/www.flachpass.net\/index.php\/fotoalbum-deutschland-ungarn\/\">Deutschland &#8211; Ungarn (N\u00fcrnberg)<\/a><\/p>\n<p>20.06.2024: <a href=\"https:\/\/www.flachpass.net\/index.php\/fotoalbum-spanien-italien\/\">Spanien &#8211; Italien (N\u00fcrnberg)<\/a><\/p>\n<p>23.06.2024: <a href=\"https:\/\/www.flachpass.net\/index.php\/fotoalbum-schweiz-deutschland\/\">Schweiz &#8211; Deutschland (N\u00fcrnberg)<\/a><\/p>\n<p>24.06.2024: <a href=\"https:\/\/www.flachpass.net\/index.php\/fotoalbum-kroatien-italien\/\">Kroatien &#8211; Italien (N\u00fcrnberg)<\/a><\/p>\n<p>25.06.2024: <a href=\"https:\/\/www.flachpass.net\/index.php\/fotoalbum-niederlande-oesterreich\/\">Niederlande &#8211; \u00d6sterreich (N\u00fcrnberg)<\/a><\/p>\n<p>26.06.2024: <a href=\"https:\/\/www.flachpass.net\/index.php\/fotoalbum-tschechien-tuerkei\/\">Tschechien &#8211; T\u00fcrkei (N\u00fcrnberg)<\/a><\/p>\n<p>29.06.2024: <a href=\"https:\/\/www.flachpass.net\/index.php\/fotoalbum-deutschland-daenemark-2\/\">Deutschland &#8211; D\u00e4nemark (N\u00fcrnberg)<\/a><\/p>\n<p>29.06.2024: <a href=\"https:\/\/www.flachpass.net\/index.php\/fotoalbum-deutschland-daenemark-aus-dortmund\/\">Deutschland &#8211; D\u00e4nemark (Dortmund)<\/a> (Fotos von Frank F.)<\/p>\n<p>02.07.2024: <a href=\"https:\/\/www.flachpass.net\/index.php\/fotoalbum-rumaenien-niederlande\/\">Rum\u00e4nien &#8211; Niederlande (M\u00fcnchen)<\/a><\/p>\n<p>02.07.2024: <a href=\"https:\/\/www.flachpass.net\/index.php\/fotoalbum-rumaenien-niederlande-fussball-arena-muenchen\/\">Rum\u00e4nien &#8211; Niederlande (Fu\u00dfball Arena M\u00fcnchen)<\/a> (Fotos von Holger W.)<\/p>\n<p>05.07.2024: <a href=\"http:\/\/www.flachpass.net\/index.php\/fotoalbum-spanien-deutschland\/\">Spanien -Deutschland (N\u00fcrnberg)<\/a><\/p>\n<p>14.07.2024: <a href=\"https:\/\/www.flachpass.net\/index.php\/fotoalbum-spanien-england\/\">Spanien &#8211; England (N\u00fcrnberg)<\/a><\/p>\n<p><strong>Archiv:<\/strong><\/p>\n<p><strong>WM 2018:<\/strong><\/p>\n<p>23.06.2018: <a href=\"index.php\/fotoalbum-belgien-tunesien\/\">Belgien &#8211; Tunesien (Moskau)<\/a> (Fotos von Michael S.)<\/p>\n<p>11.07.2018: <a href=\"index.php\/fotoalbum-kroatien-england\/\">Kroatien &#8211; England (N\u00fcrnberg)<\/a><\/p>\n<p>15.07.2018: <a href=\"index.php\/fotoalbum-frankreich-kroatien\">Frankreich &#8211; Kroatien (Biarritz)<\/a> (Fotos von Michael K.)<\/p>\n<p><strong>WM 2014:<\/strong><\/p>\n<p>12.06.2014: <a href=\"https:\/\/www.flachpass.net\/index.php\/fotoalbum-brasilien-kroatien\/\">Brasilien &#8211; Kroatien<\/a><\/p>\n<p>16.06.2014: <a href=\"https:\/\/www.flachpass.net\/index.php\/fotoalbum-deutschland-portugal\/\">Deutschland &#8211; Portugal<\/a><\/p>\n<p>18.06.2014: <a href=\"https:\/\/www.flachpass.net\/index.php\/fotoalbum-spanien-chile\/\">Spanien &#8211; Chile<\/a><\/p>\n<p>24.06.2014: <a href=\"https:\/\/www.flachpass.net\/index.php\/fotoalbum-italien-uruguay\/\">Italien &#8211; Uruguay<\/a><\/p>\n<p>25.06.2014: <a href=\"https:\/\/www.flachpass.net\/index.php\/fotoalbum-griechenland-elfenbeinkueste\/\">Griechenland &#8211; Elfenbeink\u00fcste<\/a><\/p>\n<p>26.06.2014: <a href=\"https:\/\/www.flachpass.net\/index.php\/fotoalbum-deutschland-usa\/\">Deutschland &#8211; USA<\/a><\/p>\n<p>01.07.2014: <a href=\"https:\/\/www.flachpass.net\/index.php\/fotoalbum-deutschland-algerien\/\">Deutschland &#8211; Algerien<\/a><\/p>\n<p>04.07.2014: <a href=\"https:\/\/www.flachpass.net\/index.php\/fotoalbum-deutschland-frankreich\/\">Deutschland &#8211; Frankreich<\/a><\/p>\n<p>08.07.2014: <a href=\"https:\/\/www.flachpass.net\/index.php\/fotoalbum-deutschland-brasilien\/\">Deutschland &#8211; Brasilien<\/a><\/p>\n<p>13.07.2014:&nbsp; <a href=\"https:\/\/www.flachpass.net\/index.php\/fotoalbum-deutschland-argentinien\/\">Deutschland &#8211; Argentinien<\/a><\/p>\n<p>13.07.2014: <a href=\"https:\/\/www.flachpass.net\/index.php\/fotoalbum-deutschland-argentinien-aus-rio\/\">Deutschland &#8211; Argentinien (Fotos aus Rio)<\/a> (Fotos von Angar W.)<\/p>\n<p><a href=\"https:\/\/www.flachpass.net\/index.php\/impressionen-aus-brasilien-teil-i\/\">Impressionen aus Brasilien Teil I<\/a> (Fotos von Ansgar W.)<\/p>\n<p><a href=\"https:\/\/www.flachpass.net\/index.php\/impressionen-aus-brasilien-teil-ii\/\">Impressionen aus Brasilien Teil II<\/a> (Fotos von Ansgar W.)<\/p>\n<p><strong>EM 2012:<\/strong><\/p>\n<p>10.06.2012: <a href=\"https:\/\/www.flachpass.net\/index.php\/fotoalbum-spanien-italien-2012\/\">Spanien &#8211; Italien<\/a><\/p>\n<p>13.06.2012: <a href=\"https:\/\/www.flachpass.net\/index.php\/fotoalbum-deutschland-niederlande\/\">Deutschland &#8211; Niederlande<\/a><\/p>\n<p>14.06.2012: <a href=\"https:\/\/www.flachpass.net\/index.php\/fotoalbum-italien-kroatien\/\">Italien &#8211; Kroatien<\/a><\/p>\n<p>17.06.2012: <a href=\"https:\/\/www.flachpass.net\/index.php\/fotoalbum-deutschland-daenemark\/\">Deutschland &#8211; D\u00e4nemark<\/a><\/p>\n<p>17.06.2012: <a href=\"https:\/\/www.flachpass.net\/index.php\/fotoalbum-deutschland-daenemark-aus-lviv\/\">Deutschland &#8211; D\u00e4nemark (Fotos aus Lviv)<\/a> (Fotos von Michael S.)<\/p>\n<p>21.06.2012: <a href=\"https:\/\/www.flachpass.net\/index.php\/fotoalbum-tschechien-portugal\/\">Tschechien &#8211; Portugal<\/a><\/p>\n<p>22.06.2012: <a href=\"https:\/\/www.flachpass.net\/index.php\/fotoalbum-deutschland-griechenland\/\">Deutschland &#8211; Griechenland<\/a><\/p>\n<p>28.06.2012: <a href=\"https:\/\/www.flachpass.net\/index.php\/fotoalbum-deutschland-italien\/\">Deutschland &#8211; Italien<\/a><\/p>\n<p>01.07.2012: <a href=\"https:\/\/www.flachpass.net\/index.php\/fotoalbum-spanien-italien-finale\/\">Spanien &#8211; Italien<\/a><\/p>\n<p><strong>WM 2010:<\/strong><\/p>\n<p>11.06.2010: <a href=\"https:\/\/www.flachpass.net\/index.php\/fotoalbum-suedafrika-mexiko\/\">S\u00fcdafrika &#8211; Mexiko<\/a><\/p>\n<p>13.06.2010: <a href=\"https:\/\/www.flachpass.net\/index.php\/fotoalbum-deutschland-australien\/\">Deutschland &#8211; Australien<\/a><\/p>\n<p>16.06.2010: <a href=\"https:\/\/www.flachpass.net\/index.php\/fotoalbum-spanien-schweiz\/\">Spanien &#8211; Schweiz<\/a><\/p>\n<p>17.06.2010: <a href=\"https:\/\/www.flachpass.net\/index.php\/fotoalbum-griechenland-nigeria\/\">Griechenland &#8211; Nigeria<\/a><\/p>\n<p>17.06.2010: <a href=\"https:\/\/www.flachpass.net\/index.php\/fotoalbum-frankreich-mexiko\/\">Frankreich &#8211; Mexiko<\/a><\/p>\n<p>22.06.2010: <a href=\"https:\/\/www.flachpass.net\/index.php\/fotoalbum-mexiko-uruguay\/\">Mexiko &#8211; Uruguay<\/a><\/p>\n<p>23.06.2024: <a href=\"https:\/\/www.flachpass.net\/index.php\/fotoalbum-ghana-deutschland\/\">Ghana &#8211; Deutschland<\/a><\/p>\n<p>27.06.2010: <a href=\"https:\/\/www.flachpass.net\/index.php\/fotoalbum-deutschland-england\/\">Deutschland &#8211; England<\/a><\/p>\n<p>27.06.2010: <a href=\"https:\/\/www.flachpass.net\/index.php\/fotoalbum-argentinien-mexiko\/\">Argentinien &#8211; Mexiko<\/a><\/p>\n<p>28.06.2024: <a href=\"https:\/\/www.flachpass.net\/index.php\/fotoalbum-brasilien-chile\/\">Brasilien &#8211; Chile<\/a><\/p>\n<p>29.06.2010: <a href=\"https:\/\/www.flachpass.net\/index.php\/fotoalbum-spanien-portugal\/\">Spanien &#8211; Portugal<\/a><\/p>\n<p>03.07.2010: <a href=\"https:\/\/www.flachpass.net\/index.php\/fotoalbum-argentinien-deutschland\/\">Argentinien &#8211; Deutschland<\/a><\/p>\n<p>07.07.2010: <a href=\"https:\/\/www.flachpass.net\/index.php\/fotoalbum-deutschland-spanien\/\">Deutschland &#8211; Spanien<\/a><\/p>\n<p>10.07.2010: <a href=\"https:\/\/www.flachpass.net\/index.php\/fotoalbum-uruguay-deutschland\/\">Uruguay &#8211; Deutschland<\/a><\/p>\n<p>11.07.2010: <a href=\"https:\/\/www.flachpass.net\/index.php\/fotoalbum-niederlande-spanien\/\">Niederlande &#8211; Spanien<\/a><\/p>\n<p><strong>EM 2008:<\/strong><\/p>\n<p>08.06.2008: <a href=\"https:\/\/photos.google.com\/share\/AF1QipNEDgG-7jvsks71Rrn6nkvjk5AWyOCaMJ6GERsENJfn2J8au2S_ixYl9_89i09fcg?key=Y1VHeXdteEVKVTljVVgtMGE2eDlTNVhJU1JKdGhn\" target=\"_blank\" rel=\"noopener\">Deutschland &#8211; Polen<\/a><\/p>\n<p>09.06.2008: <a href=\"https:\/\/photos.google.com\/share\/AF1QipMKRTK11rWg-47sXWRGN51Qgu3oMtHSefJwCbtll51qcQFFsasyiAICxkf4FSBpPw?key=aU9wSnRRS3JVYTlJRkxTVnh3ZE0wNnNDcUpUekVn\" target=\"_blank\" rel=\"noopener\">Rum\u00e4nien &#8211; Frankreich<\/a><\/p>\n<p>11.06.2008: <a href=\"https:\/\/photos.google.com\/share\/AF1QipNSJg9sBUD23t2K6pr_VIk5hw1g8ggqBJZsSAPO-FEkyIjIZv8D8FXzSubfBOEixg?key=cWNXcGdia0Y0aVhEeGs2Q1lOV1RSZ1BEZUIybzh3\" target=\"_blank\" rel=\"noopener\">Schweiz &#8211; T\u00fcrkei<\/a><\/p>\n<p>12.06.2008: <a href=\"https:\/\/photos.google.com\/share\/AF1QipMcdW5tjOjQy5reil6P_FvMu-_ClYMmrZZhcWtrt-JRQpk-0xnRy6kcC_U7rsC7aw?key=OFJNN08yNEpTaVFOamd2ODJyUVQyYTFrYzlYaVZn\" target=\"_blank\" rel=\"noopener\">Kroatien &#8211; Deutschland<\/a><\/p>\n<p>13.06.2008: <a href=\"https:\/\/photos.google.com\/share\/AF1QipN5XAbER9YQR4b5RBKTkKtFHvYoUtlQooo_y6R-N9VnKgdlOwTtpeGQZCQwyJpq1w?key=YVRwRWNVMlpoWlhRc3dpYTd4MGpUSUxiUWFmOGNn\" target=\"_blank\" rel=\"noopener\">Italien &#8211; Rum\u00e4nien<\/a><\/p>\n<p>13.06.2008: <a href=\"https:\/\/photos.google.com\/share\/AF1QipPLO_T4LztRSwYCSgY23fsylYa6ZNmCR6VExKuFwxwhyfmcnCwuXY9-XRgI3tffHw?key=b1JZSzhHSXYzZld5d1k1MG4yb0VTU1dTR2hvci1n\" target=\"_blank\" rel=\"noopener\">Niederlande &#8211; Frankreich<\/a><\/p>\n<p>15.06.2008: <a href=\"https:\/\/photos.google.com\/share\/AF1QipNGgy7xeQHOEwwmZWjE7HYD3OgoOt9_dR0Ic5RyY09Yz-LWyKZ122L1Gca_XgCcRg?key=NmEzVzk5LW8wTS12YmxTTnlSV1ZrMlk1aVg5eVR3\" target=\"_blank\" rel=\"noopener\">T\u00fcrkei &#8211; Tschechien<\/a><\/p>\n<p>16.06.2008: <a href=\"https:\/\/photos.google.com\/share\/AF1QipMkxm54ZMLek2I83fOfg69aWY7bLDpEev1k5kvYyGh0z5o9q_hJseAlawXnUWeb7w?key=ZXJsOUtMNWVsSDdWbDhQUk1wRThkak8wbVh4THhR\" target=\"_blank\" rel=\"noopener\">\u00d6sterreich &#8211; Deutschland<\/a><\/p>\n<p>19.06.2008: <a href=\"https:\/\/photos.google.com\/share\/AF1QipOCmuxpxJpqLGNxVukrNvxE-nZxbyhvlKQIHgvqo-Y3scVTDcqs3LIF_TAyXaqfSA?key=T0NhQUh0S2szQ043NmR5c3JkbUZHRjR2ekF2UFlB\" target=\"_blank\" rel=\"noopener\">Portugal &#8211; Deutschland<\/a><\/p>\n<p>21.06.2008: <a href=\"https:\/\/photos.google.com\/share\/AF1QipOtruum_y3fX23shhQ2vTMFBclVZQubM5cGa4unRRQfa9tdE7hzkNklRaf5LWSlYQ?key=UGdES0NjRWtZd3JILUhHM3hMeUNnUlNTYjRPMGJ3\" target=\"_blank\" rel=\"noopener\">Niederlande &#8211; Russland<\/a><\/p>\n<p>25.06.2008: <a href=\"https:\/\/photos.google.com\/share\/AF1QipN1guYlZMlfBjWw17NAV1-hJZOH1sKrqVgt_XDKSL-K57IDgTIjfOulV6I6Q_sguA?key=Mjd6TUdfanhGYXpWdWhETzBobUVpdDNPankxLW5R\" target=\"_blank\" rel=\"noopener\">Deutschland &#8211; T\u00fcrkei<\/a><\/p>\n<p><a href=\"http:\/\/wm2006.flachpass.net\/html\/fotoalbum.html\" target=\"_blank\" rel=\"noopener\"><strong>WM 2006<\/strong><\/a><\/p>\n","protected":false},"excerpt":{"rendered":"<div class=\"mh-excerpt\"><p>14.06.2024: Deutschland &#8211; Schottland (N\u00fcrnberg) 19.06.2024: Deutschland &#8211; Ungarn (N\u00fcrnberg) 20.06.2024: Spanien &#8211; Italien (N\u00fcrnberg) 23.06.2024: Schweiz &#8211; Deutschland (N\u00fcrnberg) 24.06.2024: Kroatien &#8211; Italien (N\u00fcrnberg) <a class=\"mh-excerpt-more\" href=\"https:\/\/www.flachpass.net\/index.php\/fotoalben\/\" title=\"Fotoalben\">[&#8230;]<\/a><\/p>\n<\/div>","protected":false},"author":1,"featured_media":0,"parent":0,"menu_order":0,"comment_status":"closed","ping_status":"closed","template":"","meta":{"ngg_post_thumbnail":0,"footnotes":""},"class_list":["post-1192","page","type-page","status-publish","hentry"],"_links":{"self":[{"href":"https:\/\/www.flachpass.net\/index.php\/wp-json\/wp\/v2\/pages\/1192"}],"collection":[{"href":"https:\/\/www.flachpass.net\/index.php\/wp-json\/wp\/v2\/pages"}],"about":[{"href":"https:\/\/www.flachpass.net\/index.php\/wp-json\/wp\/v2\/types\/page"}],"author":[{"embeddable":true,"href":"https:\/\/www.flachpass.net\/index.php\/wp-json\/wp\/v2\/users\/1"}],"replies":[{"embeddable":true,"href":"https:\/\/www.flachpass.net\/index.php\/wp-json\/wp\/v2\/comments?post=1192"}],"version-history":[{"count":25,"href":"https:\/\/www.flachpass.net\/index.php\/wp-json\/wp\/v2\/pages\/1192\/revisions"}],"predecessor-version":[{"id":4368,"href":"https:\/\/www.flachpass.net\/index.php\/wp-json\/wp\/v2\/pages\/1192\/revisions\/4368"}],"wp:attachment":[{"href":"https:\/\/www.flachpass.net\/index.php\/wp-json\/wp\/v2\/media?parent=1192"}],"curies":[{"name":"wp","href":"https:\/\/api.w.org\/{rel}","templated":true}]}}