{"id":1565,"date":"2022-11-30T15:18:06","date_gmt":"2022-11-30T15:18:06","guid":{"rendered":"http:\/\/www.flachpass.net\/?page_id=1565"},"modified":"2022-11-30T15:18:06","modified_gmt":"2022-11-30T15:18:06","slug":"impressum","status":"publish","type":"page","link":"https:\/\/www.flachpass.net\/index.php\/impressum\/","title":{"rendered":"Impressum"},"content":{"rendered":"<p>Christian Kirsch<\/p>\n<p>Ludwigstra\u00dfe 52<\/p>\n<p>90402 N\u00fcrnberg<\/p>\n<p>&nbsp;<\/p>\n<div class=\"footer\">&nbsp;<\/div>\n<h3><span class=\"bandname\">Haftungsfreizeichnungsklausel<\/span><\/h3>\n<p>&nbsp;<\/p>\n<p><cite>Mit Urteil vom 12. Mai 1998 (AZ 312 O 85\/98) &#8220;Haftung f\u00fcr Links&#8221; hat das Landgericht (LG) in Hamburg entschieden, dass man durch das Anbringen eines Links die Inhalte der gelinkten Seite gegebenenfalls mit zu verantworten hat. Dies kann laut LG nur dadurch verhindert werden, indem man sich ausdr\u00fccklich von diesen gelinkten Inhalten distanziert. Der Autor von flachpass.net m\u00f6chte daher ausdr\u00fccklich betonen, dass er keinerlei Einfluss auf die Gestaltung und die Inhalte der gelinkten Seiten hat. Er distanziert sich hiermit ausdr\u00fccklich von allen Inhalten aller gelinkten Seiten auf dieser gesamten Webpr\u00e4senz inkl. aller Unterseiten. Diese Erkl\u00e4rung gilt f\u00fcr alle auf dieser Homepage ausgebrachten Links und f\u00fcr alle Inhalte der Seiten, zu denen Links f\u00fchren.<\/cite><\/p>\n","protected":false},"excerpt":{"rendered":"<div class=\"mh-excerpt\"><p>Christian Kirsch Ludwigstra\u00dfe 52 90402 N\u00fcrnberg &nbsp; &nbsp; Haftungsfreizeichnungsklausel &nbsp; Mit Urteil vom 12. Mai 1998 (AZ 312 O 85\/98) &#8220;Haftung f\u00fcr Links&#8221; hat das <a class=\"mh-excerpt-more\" href=\"https:\/\/www.flachpass.net\/index.php\/impressum\/\" title=\"Impressum\">[&#8230;]<\/a><\/p>\n<\/div>","protected":false},"author":1,"featured_media":0,"parent":0,"menu_order":0,"comment_status":"closed","ping_status":"closed","template":"","meta":{"ngg_post_thumbnail":0,"footnotes":""},"class_list":["post-1565","page","type-page","status-publish","hentry"],"_links":{"self":[{"href":"https:\/\/www.flachpass.net\/index.php\/wp-json\/wp\/v2\/pages\/1565"}],"collection":[{"href":"https:\/\/www.flachpass.net\/index.php\/wp-json\/wp\/v2\/pages"}],"about":[{"href":"https:\/\/www.flachpass.net\/index.php\/wp-json\/wp\/v2\/types\/page"}],"author":[{"embeddable":true,"href":"https:\/\/www.flachpass.net\/index.php\/wp-json\/wp\/v2\/users\/1"}],"replies":[{"embeddable":true,"href":"https:\/\/www.flachpass.net\/index.php\/wp-json\/wp\/v2\/comments?post=1565"}],"version-history":[{"count":1,"href":"https:\/\/www.flachpass.net\/index.php\/wp-json\/wp\/v2\/pages\/1565\/revisions"}],"predecessor-version":[{"id":1566,"href":"https:\/\/www.flachpass.net\/index.php\/wp-json\/wp\/v2\/pages\/1565\/revisions\/1566"}],"wp:attachment":[{"href":"https:\/\/www.flachpass.net\/index.php\/wp-json\/wp\/v2\/media?parent=1565"}],"curies":[{"name":"wp","href":"https:\/\/api.w.org\/{rel}","templated":true}]}}