{"id":1580,"date":"2022-12-01T12:17:55","date_gmt":"2022-12-01T12:17:55","guid":{"rendered":"https:\/\/www.flachpass.net\/?page_id=1580"},"modified":"2022-12-01T12:17:55","modified_gmt":"2022-12-01T12:17:55","slug":"gaestebuch","status":"publish","type":"page","link":"https:\/\/www.flachpass.net\/index.php\/gaestebuch\/","title":{"rendered":"G\u00e4stebuch"},"content":{"rendered":"<div class=\"gwolle-gb\"><div class=\"gwolle_gb_messages_top_container\"><\/div>\n\t\t\t<div class=\"gwolle-gb-write-button\">\n\t\t\t\t<input type=\"button\" name=\"gwolle-gb-write-button\" class=\"button btn btn-default \" value=\"Neuen Eintrag schreiben\" \/>\n\t\t\t<\/div>\n\t\t\t<form action=\"#\" method=\"POST\" class=\"gwolle-gb-write gwolle-gb-hide gwolle-gb-float gwolle_gb_form_ajax gwolle-gb-form-ajax gwolle-gb-ajax gwolle-gb-not-logged-in\">\n\t\t\t\t<h3>Neuer Eintrag in das G\u00e4stebuch<\/h3>\n\t\t\t\t<button type=\"button\" class=\"gb-notice-dismiss\">x<span class=\"screen-reader-text\">Dieses Formular ausblenden<\/span><\/button>\n\t\t\t\n\t\t\t\t<input type=\"hidden\" name=\"gwolle_gb_function\" class=\"gwolle_gb_function\" value=\"add_entry\" \/><input type=\"hidden\" name=\"gwolle_gb_book_id\" class=\"gwolle_gb_book_id\" value=\"1\" \/><div class=\"gwolle_gb_f8cf91fa07c58ca69f298668a2153b51\">\n\t\t\t\t<div class=\"label\"><label for=\"gwolle_gb_f8cf91fa07c58ca69f298668a2153b51\" class=\"text-info\">Name <span class=\"required\">*<\/span><\/label><\/div>\n\t\t\t\t<div class=\"input\"><input class=\"wp-exclude-emoji gwolle_gb_f8cf91fa07c58ca69f298668a2153b51\" value=\"\" type=\"text\" name=\"gwolle_gb_f8cf91fa07c58ca69f298668a2153b51\" required \/><\/div>\n\t\t\t\t<div class=\"clearBoth\">&nbsp;<\/div>\n\t\t\t<\/div><div class=\"gwolle_gb_b693dfdad1182fcd2141795d8d936710\">\n\t\t\t\t\t<div class=\"label\"><label for=\"gwolle_gb_b693dfdad1182fcd2141795d8d936710\" class=\"text-info\">Ort<\/label><\/div>\n\t\t\t\t\t<div class=\"input\"><input class=\"wp-exclude-emoji gwolle_gb_b693dfdad1182fcd2141795d8d936710\" value=\"\" type=\"text\" name=\"gwolle_gb_b693dfdad1182fcd2141795d8d936710\" \/><\/div>\n\t\t\t\t\t<div class=\"clearBoth\">&nbsp;<\/div>\n\t\t\t\t<\/div><div class=\"gwolle_gb_d6d7fc9dbd575c870e176f8f6b5d6e34\">\n\t\t\t\t<div class=\"label\"><label for=\"gwolle_gb_d6d7fc9dbd575c870e176f8f6b5d6e34\" class=\"text-info\">E-Mail <span class=\"required\">*<\/span><\/label><\/div>\n\t\t\t\t<div class=\"input\"><input class=\"gwolle_gb_d6d7fc9dbd575c870e176f8f6b5d6e34\" value=\"\" type=\"email\" name=\"gwolle_gb_d6d7fc9dbd575c870e176f8f6b5d6e34\" required \/><\/div>\n\t\t\t\t<div class=\"clearBoth\">&nbsp;<\/div>\n\t\t\t<\/div><div class=\"gwolle_gb_0ecf78f94cfc61527d7c2ccdeb10322b\">\n\t\t\t\t<div class=\"label\"><label for=\"gwolle_gb_0ecf78f94cfc61527d7c2ccdeb10322b\" class=\"text-info\">Website<\/label><\/div>\n\t\t\t\t<div class=\"input\"><input class=\"gwolle_gb_0ecf78f94cfc61527d7c2ccdeb10322b\" value=\"\" type=\"url\" name=\"gwolle_gb_0ecf78f94cfc61527d7c2ccdeb10322b\" \/><\/div>\n\t\t\t\t<div class=\"clearBoth\">&nbsp;<\/div>\n\t\t\t<\/div>\n\t\t\t<div class=\"gwolle_gb_90a6dac30b0384cb21ed1cee91eaedc0\" style=\"display:none;overflow:hidden;\">\n\t\t\t\t<div class=\"label\">\n\t\t\t\t\t<label for=\"gwolle_gb_90a6dac30b0384cb21ed1cee91eaedc0\" class=\"text-primary\">Hier nichts eingeben<\/label>\n\t\t\t\t\t<label for=\"gwolle_gb_8c87fe3a0d664b11038850af52fccf0e\" class=\"text-primary\">Hier nichts eingeben<\/label>\n\t\t\t\t<\/div>\n\t\t\t\t<div class=\"input\">\n\t\t\t\t\t<input value=\"4\" type=\"text\" name=\"gwolle_gb_90a6dac30b0384cb21ed1cee91eaedc0\" class=\"gwolle_gb_90a6dac30b0384cb21ed1cee91eaedc0\" style=\"transform: translateY(10000px);\" \/>\n\t\t\t\t\t<input value=\"\" type=\"text\" name=\"gwolle_gb_8c87fe3a0d664b11038850af52fccf0e\" class=\"gwolle_gb_8c87fe3a0d664b11038850af52fccf0e\" style=\"transform: translateY(10000px);\" \/>\n\t\t\t\t<\/div>\n\t\t\t\t<div class=\"clearBoth\"><\/div>\n\t\t\t<\/div>\n\t\t\t<div class=\"gwolle_gb_649463792ccd627fa588966f8f0bd62c\" style=\"display:none;overflow:hidden;\">\n\t\t\t\t<div class=\"label\">\n\t\t\t\t\t<label for=\"gwolle_gb_649463792ccd627fa588966f8f0bd62c\" class=\"text-primary\">Hier nichts eingeben<\/label>\n\t\t\t\t\t<label for=\"gwolle_gb_865170fcc75712010b9065955fc49559\" class=\"text-primary\">Hier nichts eingeben<\/label>\n\t\t\t\t<\/div>\n\t\t\t\t<div class=\"input\">\n\t\t\t\t\t<input value=\"52167\" type=\"text\" name=\"gwolle_gb_649463792ccd627fa588966f8f0bd62c\" class=\"gwolle_gb_649463792ccd627fa588966f8f0bd62c\" style=\"transform: translateY(10000px);\" \/>\n\t\t\t\t\t<input value=\"52167\" type=\"text\" name=\"gwolle_gb_865170fcc75712010b9065955fc49559\" class=\"gwolle_gb_865170fcc75712010b9065955fc49559\" style=\"transform: translateY(10000px);\" \/>\n\t\t\t\t<\/div>\n\t\t\t\t<div class=\"clearBoth\"><\/div>\n\t\t\t<\/div><div class=\"gwolle_gb_content\">\n\t\t\t\t<div class=\"label\"><label for=\"gwolle_gb_content\" class=\"text-info\">G\u00e4stebucheintrag <span class=\"required\">*<\/span><\/label><\/div>\n\t\t\t\t<div class=\"input\"><textarea name=\"gwolle_gb_content\" class=\"gwolle_gb_content wp-exclude-emoji\" required ><\/textarea><\/div>\n\t\t\t\t\t<div class=\"clearBoth\">&nbsp;<\/div>\n\t\t\t\t<\/div><input type=\"hidden\" class=\"gwolle_gb_aaba8ef5dc6875fb5d387f6f3e4e1f55\" name=\"gwolle_gb_aaba8ef5dc6875fb5d387f6f3e4e1f55\" value=\"859f5bffde\" \/>\n\t\t\t<div class=\"gwolle_gb_messages_bottom_container\"><\/div>\n\n\t\t\t<noscript><div class=\"no-js\">Warnung: Dieses Formular kann nur verwendet werden, wenn in deinem Browser JavaScript aktiviert ist.<\/div><\/noscript>\n\n\t\t\t<div class=\"gwolle_gb_submit\">\n\t\t\t\t<div class=\"label gwolle-gb-invisible text-muted\">&nbsp;<\/div>\n\t\t\t\t<div class=\"input\">\n\t\t\t\t\t<input type=\"submit\" name=\"gwolle_gb_submit\" class=\"gwolle_gb_submit button btn btn-primary \" value=\"Absenden\" \/>\n\t\t\t\t\t<span class=\"gwolle_gb_submit_ajax_icon\"><\/span>\n\t\t\t\n\t\t\t\t<\/div>\n\t\t\t\t<div class=\"clearBoth\">&nbsp;<\/div>\n\t\t\t<\/div>\n\n\t\t\t<div class=\"gwolle_gb_notice\">\n\t\t\t\tFelder mit * sind Pflichtfelder.<br \/>\r\nEure Mailadresse wird nicht ver\u00f6ffentlicht.<br \/>\r\nAus Sicherheitsgr\u00fcnden wird Deine IP Adresse 216.73.216.250 gespeichert.<br \/>\r\nEs ist m\u00f6glich, dass Dein Eintrag erst angezeigt wird, wenn er freigegeben wurde.<br \/>\r\nIch behalte mir das Recht vor, Eintr\u00e4ge zu l\u00f6schen bzw. nicht zu ver\u00f6ffentlichen.\n\t\t\t<\/div><\/form><div class=\"gwolle-gb-read gwolle-gb-ajax gwolle-gb-entries-list\" data-book_id=\"1\" data-page_id=\"1\">\n\t\t<div id=\"gwolle-gb-total\" class=\"gwolle-gb-total\">1 Eintrag<\/div><!-- Gwolle-GB Entry: Default Template Loaded -->\n\t\t\t\t<div class=\"gb-entry gb-entry_19 gb-entry-count_1 gwolle_gb_uneven gwolle-gb-uneven gwolle-gb-first\" data-entry_id=\"19\">\n\t\t\t\t<article>\n\t\t\t\t\t<div class=\"gb-author-info\">\n\t\t\t\t\t\t<span class=\"gb-author-avatar\"><img referrerpolicy=\"no-referrer\" alt='Mucke' src='https:\/\/secure.gravatar.com\/avatar\/264b9aea91aadedbe9edc0ab1cbfe1ba?s=32&#038;d=mm&#038;r=g' srcset='https:\/\/secure.gravatar.com\/avatar\/264b9aea91aadedbe9edc0ab1cbfe1ba?s=64&#038;d=mm&#038;r=g 2x' class='avatar avatar-32 photo' height='32' width='32' \/><\/span>\n\t\t\t\t\t\t<span class=\"gb-author-name\">Mucke\n\t\t\t\t\t\t<\/span>\n\t\t\t\t\t\t<span class=\"gb-author-origin\">\n\t\t\t\t\t\t\t<span class=\"gb-author-origin-from-text\"> aus<\/span>\n\t\t\t\t\t\t\t<span class=\"gb-author-origin-text\"> Berlin<\/span>\n\t\t\t\t\t\t<\/span>\n\t\t\t\t\t\t<span class=\"gb-datetime\">\n\t\t\t\t\t\t\t<span class=\"gb-date\"><span class=\"gb-date-wrote-text\"> schrieb am<\/span><span class=\"gb-date-text\"> 03\/12\/2022<\/span>\n\t\t\t\t\t\t\t<\/span><span class=\"gb-time\">\n\t\t\t\t\t\t\t\t\t<span class=\"gb-time-at-text\"> um<\/span>\n\t\t\t\t\t\t\t\t\t<span class=\"gb-time-text\"> 07:31<\/span>\n\t\t\t\t\t\t\t\t<\/span>\n\t\t\t\t\t\t<\/span> \n\t\t\t\t\t<\/div>\n\t\t\t\t\t<div class=\"gb-entry-content\">Immer wieder eine Freude, allj\u00e4hrlich Deine Biertests zu lesen.\n\t\t\t\t\t<\/div>\n\t\t\t\t<\/article>\n\t\t\t<\/div>\n\t\t\t<\/div><\/div>\n","protected":false},"excerpt":{"rendered":"<div class=\"mh-excerpt\"><\/div>","protected":false},"author":1,"featured_media":0,"parent":0,"menu_order":0,"comment_status":"closed","ping_status":"closed","template":"","meta":{"ngg_post_thumbnail":0,"footnotes":""},"class_list":["post-1580","page","type-page","status-publish","hentry"],"_links":{"self":[{"href":"https:\/\/www.flachpass.net\/index.php\/wp-json\/wp\/v2\/pages\/1580"}],"collection":[{"href":"https:\/\/www.flachpass.net\/index.php\/wp-json\/wp\/v2\/pages"}],"about":[{"href":"https:\/\/www.flachpass.net\/index.php\/wp-json\/wp\/v2\/types\/page"}],"author":[{"embeddable":true,"href":"https:\/\/www.flachpass.net\/index.php\/wp-json\/wp\/v2\/users\/1"}],"replies":[{"embeddable":true,"href":"https:\/\/www.flachpass.net\/index.php\/wp-json\/wp\/v2\/comments?post=1580"}],"version-history":[{"count":1,"href":"https:\/\/www.flachpass.net\/index.php\/wp-json\/wp\/v2\/pages\/1580\/revisions"}],"predecessor-version":[{"id":1581,"href":"https:\/\/www.flachpass.net\/index.php\/wp-json\/wp\/v2\/pages\/1580\/revisions\/1581"}],"wp:attachment":[{"href":"https:\/\/www.flachpass.net\/index.php\/wp-json\/wp\/v2\/media?parent=1580"}],"curies":[{"name":"wp","href":"https:\/\/api.w.org\/{rel}","templated":true}]}}