{"id":1878,"date":"2022-12-29T12:20:12","date_gmt":"2022-12-29T11:20:12","guid":{"rendered":"https:\/\/www.flachpass.net\/?page_id=1878"},"modified":"2022-12-31T14:21:41","modified_gmt":"2022-12-31T13:21:41","slug":"belgien-quiz","status":"publish","type":"page","link":"https:\/\/www.flachpass.net\/index.php\/belgien-quiz\/","title":{"rendered":"Belgien-Quiz"},"content":{"rendered":"<p>Das Belgien-Quiz ist beendet. Die Gewinner sind:<\/p>\n<p>Florian Dahlke: Delirium Christmas (10,0%)<br \/>\nPatrick Helm: Delirium Tremens (9,0%)<br \/>\nTobias Wolff: Cherry Chouffe (8,0%)<\/p>\n<p>Hier die Fragen mit den L\u00f6sungen und Erl\u00e4uterungen dazu:<\/p>\n<p><strong>Wie viele Einwohner hat Belgien?<\/strong><br \/>\nca. 6 Millionen<br \/>\n<strong>ca. 12 Millionen<\/strong><br \/>\nca. 19 Millionen<br \/>\nca. 35 Millionen<\/p>\n<p><em>Im Jahr 2021 hatte Belgien 11,59 Millionen Einwohner.<\/em><\/p>\n<p><strong>Wie hei\u00dft die (rein vom Stadtgebiet her) bev\u00f6lkerungsreichste Stadt Belgiens?<\/strong><br \/>\nBr\u00fcssel<br \/>\nL\u00fcttich<br \/>\nBr\u00fcgge<br \/>\n<strong>Antwerpen<\/strong><\/p>\n<p><em>Auch wenn die Region Br\u00fcssel ca. 1,2 Millionen Einwohner z\u00e4hlt, wohnen im Stadtgebiet nur ca. 185.000, w\u00e4hrend Antwerpen knapp 530.000 Einwohner hat (Br\u00fcgge 283.000, L\u00fcttich 197.000 &#8211; Stand 2020).<\/em><\/p>\n<p><strong>Aus der N\u00e4he welcher Stadt kommt der belgische Fu\u00dfballverein RSC Anderlecht?<\/strong><br \/>\nBr\u00fcgge<br \/>\nGent<br \/>\nCharleroi<br \/>\n<strong>Br\u00fcssel<\/strong><\/p>\n<p><em>Anderlecht grenzt s\u00fcdwestlich an die Stadt Br\u00fcssel.<\/em><\/p>\n<p><strong>Welches Land ist eine ehemalige Kolonie Belgiens?<\/strong><br \/>\nSudan<br \/>\nKenia<br \/>\n<strong>Kongo<\/strong><br \/>\nGhana<\/p>\n<p><em>Die heutige Demokratische Republik Kongo war von 1885 bis 1908 das Privateigentum des belgischen K\u00f6nigs Leopold II. 1908 trat der K\u00f6nig den Kongo an den belgischen Staat ab, die Kolonie erhielt den Namen &#8220;Belgisch-Kongo&#8221; und hie\u00df so bis zur Unabh\u00e4ngigkeit von Belgien im Jahr 1960.<\/em><\/p>\n<p><strong>Wie hei\u00dft der h\u00f6chste Berg Belgiens?<\/strong><br \/>\nBaraque Michel<br \/>\n<strong>Botrange<\/strong><br \/>\nSteling<br \/>\nVaalserberg<\/p>\n<p><em>Die Botrange im Gemeindegebiet von Weismes in der ostbelgischen Provinz L\u00fcttich ist mit 694,24 m O.P. die h\u00f6chste Erhebung Belgiens und liegt im Hohen Venn. Baraque Michel (drei Kilometer nordwestlich von Botrange und ebenfalls im Hohen Venn) folgt mit 674 m. Der Steling direkt an der deutsch-belgischen Grenze misst 660 m, der Vaalserberg an der belgisch-niederl\u00e4ndischen Grenze 322 m.<\/em><\/p>\n<p><strong>Wie wird die belgische Fu\u00dfballnationalmannschaft genannt?<\/strong><br \/>\nLes soldats noirs<br \/>\nLes lions rouges<br \/>\n<strong>Les diables rouges<\/strong><br \/>\nL&#8217;\u00e9quipe tricolore<\/p>\n<p><em>Aufgrund ihrer roten Heimtrikots wird die belgische Nationalmannschaft &#8220;Les diables rouges&#8221; (&#8220;die roten Teufel&#8221;) genannt.<\/em><\/p>\n<p><strong>Nach welchem Bier ist die h\u00f6chste belgische Fu\u00dfballliga benannt?<\/strong><br \/>\nLeffe<br \/>\nGrimbergen<br \/>\n<strong>Jupiler<\/strong><br \/>\nStella Artois<\/p>\n<p><em>Die Division 1A hei\u00dft aufgrund eines Sponsorings der Jupiler-Brauerei seit 2016 offiziell Jupiler Pro League.<\/em><\/p>\n<p><strong>Welche Brauerei gilt als die \u00e4lteste Belgiens?<\/strong><br \/>\n<strong>Dubuisson<\/strong><br \/>\nLeffe<br \/>\nGrimbergen<br \/>\nDuvel<\/p>\n<p><em>Die Dubuisson-Brauerei aus Leuze-en-Hainaut wurde 1769 gegr\u00fcndet und gilt als die \u00e4lteste Brauerei Belgiens. Das &#8220;<a href=\"https:\/\/www.flachpass.net\/index.php\/2022\/12\/11\/3-advent-bush-de-noel\/\">Bush de No\u00ebl<\/a>&#8221; am 3. Advent war von dieser Brauerei.<\/em><\/p>\n<p><strong>Was ist ein Lambic?<\/strong><br \/>\nEin Starkbier mit 8,9% Alkohol.<br \/>\nEine in Belgien sehr beliebte Lammspezialit\u00e4t, auch als &#8220;Lamm \u00c4mirstan&#8221; bekannt.<br \/>\nDer Bank Identifier Code der &#8220;Li\u00e8ge Association mondiale&#8221;, einer weltweit agierenden Bank aus L\u00fcttich.<br \/>\n<strong>Eine belgische Bierspezialit\u00e4t, die durch Spontang\u00e4rung entsteht.<\/strong><\/p>\n<p><em>Lambic wird ohne Hefe in einem Verfahren der nicht gef\u00fchrten, sondern spontanen G\u00e4rung gebraut. Beispiele sind Gueze und Kriek. Das &#8220;Lamm \u00c4mirstan&#8221; hat \u00fcbrigens nichts mit Belgien zu tun, sondern ist ein fiktives Gericht aus der ber\u00fchmten Kurzgeschichte &#8220;Die Spezialit\u00e4t des Hauses&#8221; von Stanley Ellin.<br \/>\n<\/em><\/p>\n<p><strong>Zu welcher Brauereigruppe geh\u00f6rt eines der ber\u00fchmtesten Biere Belgiens, Leffe?<\/strong><br \/>\nLeffe ist ein eigenst\u00e4ndiges Abteibier<br \/>\n<strong>Anheuser-Busch-InBev-Group<\/strong><br \/>\nCarlsberg<br \/>\nRadeberger Gruppe<\/p>\n<p><em>1955 wurde Leffe von Stella Artois \u00fcbernommen, Stella Artois 1987 von der Interbrew-Gruppe, diese wiederum 2004 von AmBev, und AmBev fusionierte schlie\u00dflich 2008 mit Anheuser-Busch zur Anheuser-Busch-InBev-Group.<\/em><\/p>\n<p><strong>Welches belgische Bier ist so begehrt und rar, dass es nur in sehr begrenzten Mengen vorbestellt und verkauft werden kann?<\/strong><br \/>\nRochefort<br \/>\nTre Fontane<br \/>\nWestmalle<br \/>\n<strong>Westvleteren<\/strong><\/p>\n<p><em>Westvleteren ist ein Trappistenbier, das in der Trappistenabtei Sankt Sixtus in Vleteren (Westflandern) gebraut wird. Das Bier wird ausschlie\u00dflich im Kloster und in einem Caf\u00e9 verkauft, da die M\u00f6nche nicht leben, um zu brauen, sondern brauen, um zu leben. Die Abgabe der wenigen Flaschen ist streng reglementiert, fr\u00fcher war nur pers\u00f6nliche Abholung unter Angabe des KFZ-Kennzeichens m\u00f6glich. Mittlerweile gibt es allerdings einen Webshop. Auf &#8220;RateBeer.com&#8221; wurde Westvleteren 12 zum weltbesten Bier gek\u00fcrt.<\/em><\/p>\n<p><strong>Welches Bier hat vermutlich Franz Beckenbauer vor seinem Besuch in Katar getrunken, als er laut eigener Aussage keinen einzigen Sklaven gesehen hat?<\/strong><br \/>\nCherry Chouffe<br \/>\nDuvel<br \/>\n<strong>Delirium Tremens<\/strong><br \/>\nBitburger<\/p>\n<p><em>Diese Frage ist nat\u00fcrlich nicht ernst gemeint, hat allerdings trotzdem eine logische L\u00f6sung: Zum einen hat das Delirium Tremens mit 9,0% den h\u00f6chsten Alkoholgehalt der genannten Biere (Cherry Chouffe 8,0%, Duvel 8,5%, Bitburger 4,8%), zum anderen ist ein rosa Elefant auf den Etiketten und Gl\u00e4sern abgebildet. Diese rosa Elefanten hat damals der &#8220;Kaiser&#8221; vermutlich statt der Sklaven gesehen&#8230;<\/em><\/p>\n","protected":false},"excerpt":{"rendered":"<div class=\"mh-excerpt\"><p>Das Belgien-Quiz ist beendet. Die Gewinner sind: Florian Dahlke: Delirium Christmas (10,0%) Patrick Helm: Delirium Tremens (9,0%) Tobias Wolff: Cherry Chouffe (8,0%) Hier die Fragen <a class=\"mh-excerpt-more\" href=\"https:\/\/www.flachpass.net\/index.php\/belgien-quiz\/\" title=\"Belgien-Quiz\">[&#8230;]<\/a><\/p>\n<\/div>","protected":false},"author":1,"featured_media":0,"parent":0,"menu_order":0,"comment_status":"closed","ping_status":"closed","template":"","meta":{"ngg_post_thumbnail":0,"footnotes":""},"class_list":["post-1878","page","type-page","status-publish","hentry"],"_links":{"self":[{"href":"https:\/\/www.flachpass.net\/index.php\/wp-json\/wp\/v2\/pages\/1878"}],"collection":[{"href":"https:\/\/www.flachpass.net\/index.php\/wp-json\/wp\/v2\/pages"}],"about":[{"href":"https:\/\/www.flachpass.net\/index.php\/wp-json\/wp\/v2\/types\/page"}],"author":[{"embeddable":true,"href":"https:\/\/www.flachpass.net\/index.php\/wp-json\/wp\/v2\/users\/1"}],"replies":[{"embeddable":true,"href":"https:\/\/www.flachpass.net\/index.php\/wp-json\/wp\/v2\/comments?post=1878"}],"version-history":[{"count":7,"href":"https:\/\/www.flachpass.net\/index.php\/wp-json\/wp\/v2\/pages\/1878\/revisions"}],"predecessor-version":[{"id":1890,"href":"https:\/\/www.flachpass.net\/index.php\/wp-json\/wp\/v2\/pages\/1878\/revisions\/1890"}],"wp:attachment":[{"href":"https:\/\/www.flachpass.net\/index.php\/wp-json\/wp\/v2\/media?parent=1878"}],"curies":[{"name":"wp","href":"https:\/\/api.w.org\/{rel}","templated":true}]}}