{"id":1908,"date":"2024-06-05T14:22:40","date_gmt":"2024-06-05T12:22:40","guid":{"rendered":"https:\/\/www.flachpass.net\/?page_id=1908"},"modified":"2024-06-07T13:41:12","modified_gmt":"2024-06-07T11:41:12","slug":"literarisches-2","status":"publish","type":"page","link":"https:\/\/www.flachpass.net\/index.php\/literarisches-2\/","title":{"rendered":"Literarisches"},"content":{"rendered":"<p><span style=\"font-family: Arial,Helvetica,Geneva,Sans-serif,sans-serif;\">Auch zu dieser EM gibt es mal wieder haufenweise B\u00fccher zum Thema Fu\u00dfball, ganz abgesehen von so Klassikern wie&nbsp; <\/span><span style=\"font-family: Arial,Helvetica,Geneva,Sans-serif,sans-serif;\">&#8220;<a href=\"http:\/\/www.amazon.de\/exec\/obidos\/ASIN\/3462025864\/qid=1147360232\/sr=8-1\/ref=pd_ka_1\/302-2874357-5303221\" target=\"_blank\" rel=\"noopener\"><span style=\"color: #0000ff; font-family: Arial,Helvetica,Geneva,Sans-serif,sans-serif;\"><u>Fever Pitch<\/u><\/span><\/a>&#8221;&nbsp;<\/span><span style=\"font-family: Arial,Helvetica,Geneva,Sans-serif,sans-serif;\">von Nick Hornby und &#8220;<a href=\"http:\/\/www.amazon.de\/exec\/obidos\/ASIN\/3442453747\/qid%3D1147360298\/302-2874357-5303221\" target=\"_blank\" rel=\"noopener\"><u><span style=\"color: #0000ff; font-family: Arial;\">Eine Saison mit Verona<\/span><\/u><\/a>&#8221;&nbsp;<\/span><span style=\"font-family: Arial,Helvetica,Geneva,Sans-serif,sans-serif;\">von Tim Parks, die beide absolut empfehlenswert sind.<\/span><\/p>\n<p><span style=\"font-family: Arial,Helvetica,Geneva,Sans-serif,sans-serif;\">Ein weiterer Klassiker ist das &#8220;Fu\u00dfball unser&#8221;, das erstmals vor der WM 2006 erschienen ist (und auch in &#8220;Schie\u00df den Ball ins Tor&#8221; von Max Raabe und dem Palastorchester zu sehen ist) &#8211; leider derzeit nur gebraucht erh\u00e4ltlich:<\/span><\/p>\n<table border=\"0\" width=\"100%\" cellspacing=\"0\" cellpadding=\"0\">\n<tbody>\n<tr>\n<td align=\"center\"><img decoding=\"async\" id=\"Bild2\" src=\"http:\/\/ecx.images-amazon.com\/images\/I\/51qx5BavM4L._.jpg\" alt=\"\"><\/td>\n<\/tr>\n<\/tbody>\n<\/table>\n<p><span style=\"font-family: Arial,Helvetica,Geneva,Sans-serif,sans-serif;\"><b>Fu\u00dfball unser (dritte aktualisierte Auflage)<\/b><\/span><\/p>\n<p><span style=\"font-family: Arial,Helvetica,Geneva,Sans-serif,sans-serif;\">Die Geschichte ist so gut, dass wir sie weiterschreiben mussten.Wieder entfaltet der Fu\u00dfball seinen speziellen Zauber, wenn man in dieser besonderen Weise von ihm erz\u00e4hlt. Von Torh\u00fctern, die erstaunlich viele Tore geschossen haben. Von Spielern,die den Verstand verloren haben. Von der genauen Zusammensetzung einer Stadionwurst, von den Zeiten, als mit Sch\u00e4deln gespielt wurde und von der mittlerweile un\u00fcblichen Praxis der Ballgewinnung durch Enthauptung. Es gibt so viel wunderbares Wissen, das den Fu\u00dfball umgibt; Wissen, das arg verstreut an den R\u00e4ndern des Spiels liegt; Wissen, das unentdeckt in seinem Innern schlummert: Wissen, das es zu einer Freude macht, an dieses im Grunde so einfache Spiel zu glauben. Und wie das so ist, mit dem Wissen, von dem man nichts wusste: Es lie\u00dfe sich prima ohne leben, aber mit lebt es sich sogar noch besser. Gott sei s gelobt, das Gotteslob ist zur\u00fcck F\u00fcr Liebhaber des Originals Von den Autoren des Bestsellers Ein Mann. Ein Buch.&nbsp;<\/span><span style=\"color: #0000ff; font-family: Arial,Helvetica,Geneva,Sans-serif,sans-serif;\"><a href=\"http:\/\/www.amazon.de\/Fu%C3%9Fball-Unser-Dritte-aktualisierte-Auflage\/dp\/386497187X\/ref=sr_1_1?ie=UTF8&amp;qid=1402343435&amp;sr=8-1&amp;keywords=fu%C3%9Fball+unser\" target=\"_blank\" rel=\"noopener\"><u>Hier der Link zum Buch&#8230;<\/u><\/a><\/span><\/p>\n<p>&nbsp;<\/p>\n<p>&nbsp;<\/p>\n<table border=\"0\" width=\"100%\" cellspacing=\"0\" cellpadding=\"0\">\n<tbody>\n<tr>\n<td align=\"center\"><img loading=\"lazy\" decoding=\"async\" class=\"aligncenter size-full wp-image-1928\" src=\"http:\/\/www.flachpass.net\/wp-content\/uploads\/2024\/06\/EURO_1960-2024-e1717758687874.jpg\" alt=\"\" width=\"400\" height=\"532\"><\/td>\n<\/tr>\n<\/tbody>\n<\/table>\n<p><span style=\"font-family: Arial,Helvetica,Geneva,Sans-serif,sans-serif;\"><b>EURO 1960 \u2013 2024: Geschichte der UEFA-Fu\u00dfball-Europameisterschaft<\/b><\/span><\/p>\n<p><span style=\"font-family: Arial,Helvetica,Geneva,Sans-serif,sans-serif;\">Tauchen Sie ein in das Herz und die Seele des europ\u00e4ischen Fu\u00dfballs mit &#8216;EURO 1960 &#8211; 2024: Die Geschichte der UEFA Fu\u00dfball-Europameisterschaft&#8217;, einer umfassenden Reise durch das lebendige Panorama des f\u00fchrenden Fu\u00dfballturniers des Kontinents. Von seinen bescheidenen Anf\u00e4ngen im Jahr 1960 bis zum gro\u00dfartigen Spektakel, das f\u00fcr 2024 geplant ist, zeichnet dieses Buch die Entwicklung der Meisterschaft nach und feiert ihre Triumphe, Pr\u00fcfungen und den unbeugsamen Wettbewerbsgeist, der sie definiert.<\/span><\/p>\n<p>Erkunden Sie die legend\u00e4ren Spiele, die Millionen begeistert haben, die Fu\u00dfballikonen, deren Brillanz die europ\u00e4ische B\u00fchne erleuchtet hat, und die unvergesslichen Momente, die den Platz des Turniers in den Annalen der Sportgeschichte gefestigt haben. \u00dcber das Spielfeld hinaus tauchen Sie ein in die Geschichten von Nationen, die durch ihre Liebe zum Spiel vereint sind, die kulturellen Ver\u00e4nderungen, die vom Fu\u00dfball beeinflusst werden, und die Rolle des Turniers bei der \u00dcberwindung von Grenzen auf einem Kontinent, der f\u00fcr seine Vielfalt bekannt ist.<\/p>\n<p>Mit Expertenanalysen, Augenzeugenberichten und einem Schatz an Anekdoten erweckt &#8216;EURO 1960 &#8211; 2024&#8217; das Drama, die Leidenschaft und die Sch\u00f6nheit der UEFA Europameisterschaft zum Leben. Dieses Buch ist nicht nur ein Zeugnis f\u00fcr die anhaltende Anziehungskraft des Spiels, sondern auch eine Hommage an die vereinigende Kraft des Fu\u00dfballs und bietet einen intimen Einblick in die Meisterschaft, die zu einem Symbol f\u00fcr Exzellenz und Einheit im europ\u00e4ischen Fu\u00dfball geworden ist.<\/p>\n<p>Ob Sie ein eingefleischter Fan, ein Sch\u00fcler des Spiels oder einfach fasziniert von der reichen Geschichte des europ\u00e4ischen Wettbewerbs sind, &#8216;EURO 1960 &#8211; 2024&#8217; verspricht eine wesentliche Erg\u00e4nzung Ihrer Sammlung zu sein und l\u00e4dt Sie ein, die Magie wiederzuerleben, sich an den Errungenschaften zu erfreuen und sich von dem Erbe der UEFA Europameisterschaft inspirieren zu lassen.<span style=\"font-family: Arial,Helvetica,Geneva,Sans-serif,sans-serif;\">&nbsp;<\/span><a href=\"https:\/\/www.amazon.de\/EURO-1960-2024-Geschichte-UEFA-Fu%C3%9Fball-Europameisterschaft\/dp\/B0D2QWKJN9\" target=\"_blank\" rel=\"noopener\"><span style=\"color: #0000ff; font-family: Arial,Helvetica,Geneva,Sans-serif,sans-serif;\"><u>Hier der Link zum Buch&#8230;<\/u><\/span><\/a><\/p>\n<p>&nbsp;<\/p>\n<p style=\"text-align: center;\"><img loading=\"lazy\" decoding=\"async\" class=\"aligncenter size-full wp-image-1929\" src=\"http:\/\/www.flachpass.net\/wp-content\/uploads\/2024\/06\/Mailand_oder_Madrid-e1717759051873.jpg\" alt=\"\" width=\"362\" height=\"550\"><\/p>\n<p><span style=\"font-family: Arial,Helvetica,Geneva,Sans-serif,sans-serif;\"><b>Mailand oder Madrid? Das gro\u00dfe SPIEGEL-Fu\u00dfball-Quiz<\/b><\/span><\/p>\n<p><span style=\"font-family: Arial,Helvetica,Geneva,Sans-serif,sans-serif;\">Mailand oder Madrid \u2026 Hauptsache Italien! Andy M\u00f6ller wollte gar keine Frage stellen, aber \u2013 hat er den Satz \u00fcberhaupt gesagt? Und gibt es eigentlich einen Titel, den er (als Fu\u00dfballer) nicht gewonnen hat? Und wohin wechselte er denn am Ende wirklich?<br \/>\nWoche f\u00fcr Woche fiebern zehntausende Fans dem Fu\u00dfballquiz auf spiegel.de entgegen \u2013 nicht unbedingt, weil es das schwierigste w\u00e4re, sondern weil es das cleverste ist. Das mit den ausgefallenen Fragen, den besonderen Fakten und den spannenden Geschichten.<br \/>\nP\u00fcnktlich zur \u00bbHeim-EM\u00ab stellt Marco Fuchs die 150 besten Fragen zusammen, in zehn Kategorien und drei Schwierigkeitsstufen. Perfekt geeignet f\u00fcrs entspannte R\u00e4tseln in der Halbzeitpause oder am K\u00fcchentisch, aber auch f\u00fcr den Quizabend zur gemeinsamen Einstimmung auf den Fu\u00dfballsommer 2024!\u00ab&nbsp;<span style=\"color: #0000ff; font-family: Arial,Helvetica,Geneva,Sans-serif,sans-serif;\"><a href=\"https:\/\/www.amazon.de\/Mailand-oder-Madrid-gro%C3%9Fe-SPIEGEL-Fu%C3%9Fballquiz\/dp\/3462006398\" target=\"_blank\" rel=\"noopener\"><u>Hier der Link zum Buch&#8230;<\/u><\/a><\/span><\/span><\/p>\n<p style=\"text-align: center;\"><img loading=\"lazy\" decoding=\"async\" class=\"aligncenter wp-image-1931 size-full\" src=\"http:\/\/www.flachpass.net\/wp-content\/uploads\/2024\/06\/Nachspielzeiten-e1717759710656.jpg\" alt=\"\" width=\"335\" height=\"550\"><\/p>\n<p><span style=\"font-family: Arial,Helvetica,Geneva,Sans-serif,sans-serif;\"><b>Nachspielzeiten: Denn der Fu\u00dfball schreibt die besten Geschichten<\/b><\/span><\/p>\n<p><span style=\"font-family: Arial,Helvetica,Geneva,Sans-serif,sans-serif;\">Fu\u00dfball war immer schon mehr als nur Fu\u00dfball. Deshalb macht sich Lucas Vogelsang auf den Weg, an die R\u00e4nder des Spiels, zu den Helden von einst, trifft Paul Gascoigne und Vinnie Jones in England, Mehmet Scholl in M\u00fcnchen und Rehhagels rechte Hand in Thessaloniki. Er tanzt mit Beckenbauer und Pel\u00e9 im Studio 54, wirft sich mit Tim Wiese in den Ring und geht mit H\u00e4\u00dfler, Legat und Hartwig in den Dschungel.<br \/>\nSo sind seine NACHSPIELZEITEN eine Reise durch die Bilder und Biografien. Aber vor allem eine gro\u00dfe Liebeserkl\u00e4rung an den Fu\u00dfball und die Menschen, die ihn pr\u00e4gen.<br \/>\nWie konnte Otto Rehhagel 2004 Europameister werden, Paul Gascoigne in einer einzigen Nacht ein ganzes Land ver\u00e4ndern und Franz Beckenbauer Ende der Siebzigerjahre New York erobern?<br \/>\nLucas Vogelsang schaut noch einmal genau hin und erz\u00e4hlt in seinem neuen Buch von den langen Augenblicken nach dem Abpfiff, dem schnellen Leben nach der Karriere, den kleinen und gro\u00dfen Dramen des Spiels. So nimmt er uns mit, auf eine Ehrenrunde durch die Momente und Zitate, hinein in die Erinnerungen und den Jubel. Und liefert damit, ganz nebenbei, auch die n\u00e4chste Ladung Legenden.<br \/>\nSeine NACHSPIELZEITEN sind eine literarische Verbeugung. Vor dem Fu\u00dfball. Und den Menschen, die ihn pr\u00e4gen.&nbsp;<span style=\"color: #0000ff; font-family: Arial,Helvetica,Geneva,Sans-serif,sans-serif;\"><a href=\"https:\/\/www.amazon.de\/Nachspielzeiten-Fu%C3%9Fball-schreibt-besten-Geschichten\/dp\/3608502246\" target=\"_blank\" rel=\"noopener\"><u>Hier der Link zum Buch&#8230;<\/u><\/a><\/span><\/span><\/p>\n<p>&nbsp;<\/p>\n<p style=\"text-align: center;\"><img loading=\"lazy\" decoding=\"async\" class=\"aligncenter wp-image-1933 size-full\" src=\"http:\/\/www.flachpass.net\/wp-content\/uploads\/2024\/06\/Ich_koennte_hier_stundenlang_sitzen-e1717760130708.jpg\" alt=\"\" width=\"362\" height=\"550\"><\/p>\n<p><span style=\"font-family: Arial,Helvetica,Geneva,Sans-serif,sans-serif;\"><b>Ich k\u00f6nnte hier stundenlang sitzen und auf den Rasen schauen: Lauter Liebeserkl\u00e4rungen an den Fu\u00dfball<\/b><\/span><\/p>\n<p><span style=\"font-family: Arial,Helvetica,Geneva,Sans-serif,sans-serif;\">Dieses Buch ist ein so vergn\u00fcglicher wie erhellender literarischer Streifzug durch die Welt des Fu\u00dfballs. An der Seite eines Fans, der diese Welt innig liebt, sich aber nicht scheut, auch in die finsteren Winkel zu blicken.<br \/>\nMoritz Rinke l\u00e4sst die verschossenen Elfmeterb\u00e4lle von Uli Hoene\u00df und Bastian Schweinsteiger miteinander reden und starrt eine Fahrstuhlfahrt lang auf den legend\u00e4ren Hinterkopf von Uwe Seeler. Im Weserstadion stiehlt er mit seinem Sohn heiligen Rasen und verstaut ihn in einer Tupperdose, die er neben die Originalpfeife Bertolt Brechts stellt. Er schl\u00e4gt sich die Nacht mit Thomas Tuchel in der Berliner Tausendbar um die Ohren und schreibt eine Rede an die Nation im Geiste H\u00f6lderlins und Toni Kroos&#8217;. In Katar besichtigt er ungl\u00e4ubig die neu errichteten Stadien und erz\u00e4hlt am Beispiel seiner Nichte und deren Freundin, die ein Verh\u00e4ltnis mit Neymar hatte, vom Niedergang des Fu\u00dfballs.<br \/>\nMoritz Rinke, einer der bekanntesten Dramatiker Deutschlands, Romancier und St\u00fcrmer in der DFB-Autoren-Nationalmannschaft, hat seiner Leidenschaft ein Buch gewidmet und uns ein gro\u00dfes Geschenk gemacht.&nbsp;<\/span><span style=\"color: #0000ff; font-family: Arial,Helvetica,Geneva,Sans-serif,sans-serif;\"><a href=\"https:\/\/www.amazon.de\/k%C3%B6nnte-stundenlang-sitzen-Rasen-schauen\/dp\/346200574X\" target=\"_blank\" rel=\"noopener\"><u>Hier der Link zum Buch&#8230;<\/u><\/a><\/span><\/p>\n<p>&nbsp;<\/p>\n<p style=\"text-align: center;\"><img loading=\"lazy\" decoding=\"async\" class=\"aligncenter size-full wp-image-1934\" src=\"http:\/\/www.flachpass.net\/wp-content\/uploads\/2024\/06\/Einer_von_Euch-e1717760345234.jpg\" alt=\"\" width=\"348\" height=\"550\"><\/p>\n<p><span style=\"font-family: Arial,Helvetica,Geneva,Sans-serif,sans-serif;\"><b>Einer von euch: Bastian Schweinsteiger<\/b><\/span><\/p>\n<p><span style=\"font-family: Arial,Helvetica,Geneva,Sans-serif,sans-serif;\">Bastian Schweinsteiger, der Held des WM-Finales 2014 in Rio, ist auch der Held des neuen Romans von Martin Suter. Der Autor erz\u00e4hlt uns Wahres und fast Wahres aus dem Leben des Mannes, der alles erreicht hat, was man als Fu\u00dfballer erreichen kann. Und der dennoch wei\u00df, was Scheitern bedeutet, und die Schattenseiten des Erfolgs kennt. Die bewegende Story einer Weltkarriere. Und ein ber\u00fchrender Liebesroman.&nbsp;<\/span><span style=\"color: #0000ff; font-family: Arial,Helvetica,Geneva,Sans-serif,sans-serif;\"><a href=\"https:\/\/www.amazon.de\/Einer-von-euch-Bastian-Schweinsteiger\/dp\/325707168X\/\" target=\"_blank\" rel=\"noopener\"><u>Hier der Link zum Buch&#8230;<\/u><\/a><\/span><\/p>\n<p><span style=\"font-family: Arial;\">Weitere Literaturtipps folgen evtl. noch..<\/span><\/p>\n","protected":false},"excerpt":{"rendered":"<div class=\"mh-excerpt\"><p>Auch zu dieser EM gibt es mal wieder haufenweise B\u00fccher zum Thema Fu\u00dfball, ganz abgesehen von so Klassikern wie&nbsp; &#8220;Fever Pitch&#8221;&nbsp;von Nick Hornby und &#8220;Eine <a class=\"mh-excerpt-more\" href=\"https:\/\/www.flachpass.net\/index.php\/literarisches-2\/\" title=\"Literarisches\">[&#8230;]<\/a><\/p>\n<\/div>","protected":false},"author":1,"featured_media":0,"parent":0,"menu_order":0,"comment_status":"closed","ping_status":"closed","template":"","meta":{"ngg_post_thumbnail":0,"footnotes":""},"class_list":["post-1908","page","type-page","status-publish","hentry"],"_links":{"self":[{"href":"https:\/\/www.flachpass.net\/index.php\/wp-json\/wp\/v2\/pages\/1908"}],"collection":[{"href":"https:\/\/www.flachpass.net\/index.php\/wp-json\/wp\/v2\/pages"}],"about":[{"href":"https:\/\/www.flachpass.net\/index.php\/wp-json\/wp\/v2\/types\/page"}],"author":[{"embeddable":true,"href":"https:\/\/www.flachpass.net\/index.php\/wp-json\/wp\/v2\/users\/1"}],"replies":[{"embeddable":true,"href":"https:\/\/www.flachpass.net\/index.php\/wp-json\/wp\/v2\/comments?post=1908"}],"version-history":[{"count":4,"href":"https:\/\/www.flachpass.net\/index.php\/wp-json\/wp\/v2\/pages\/1908\/revisions"}],"predecessor-version":[{"id":1935,"href":"https:\/\/www.flachpass.net\/index.php\/wp-json\/wp\/v2\/pages\/1908\/revisions\/1935"}],"wp:attachment":[{"href":"https:\/\/www.flachpass.net\/index.php\/wp-json\/wp\/v2\/media?parent=1908"}],"curies":[{"name":"wp","href":"https:\/\/api.w.org\/{rel}","templated":true}]}}