{"id":2002,"date":"2024-06-11T14:18:51","date_gmt":"2024-06-11T12:18:51","guid":{"rendered":"https:\/\/www.flachpass.net\/?page_id=2002"},"modified":"2024-07-24T12:46:33","modified_gmt":"2024-07-24T10:46:33","slug":"em-tippspiel","status":"publish","type":"page","link":"https:\/\/www.flachpass.net\/index.php\/em-tippspiel\/","title":{"rendered":"EM-Tippspiel"},"content":{"rendered":"<p>Auch dieses Mal gab es in alter Tradition wieder ein EM-Tippspiel. Die Teilnahme war kostenlos.<\/p>\n<p>Hier die Gewinner (ich bin auf Platz 4 gelandet, was einen sehr guten Tippspiel-Gastgeber ausmacht: Einerseits habe ich meine Fu\u00dfballkompetenz beweisen k\u00f6nnen, andererseits habe ich die drei Gewinnerpl\u00e4tze anderen \u00fcberlassen &#8211; ich kann mich ja schlecht selbst beschenken):<\/p>\n<p><img loading=\"lazy\" decoding=\"async\" class=\"aligncenter size-full wp-image-4394\" src=\"http:\/\/www.flachpass.net\/wp-content\/uploads\/2024\/07\/Tippspiel_EURO2024.jpg\" alt=\"\" width=\"368\" height=\"952\" srcset=\"https:\/\/www.flachpass.net\/wp-content\/uploads\/2024\/07\/Tippspiel_EURO2024.jpg 368w, https:\/\/www.flachpass.net\/wp-content\/uploads\/2024\/07\/Tippspiel_EURO2024-116x300.jpg 116w\" sizes=\"(max-width: 368px) 100vw, 368px\" \/><\/p>\n<p>Berni bekommt auf eigenen Wunsch eine eine Flasche <a href=\"https:\/\/www.jacques.de\/wein\/22675\/Winter-Sauvignon-Blanc\" target=\"_blank\" rel=\"noopener\">Fu\u00dfball-Wein von Jacques&#8217; Wein-Depot<\/a> (von deutschen Sonnenh\u00fcgeln frisch auf den Tisch!), Mark einen EM-Minifu\u00dfball, und Tobi verzichtet auf einen Gewinn&#8230;<\/p>\n<p><img loading=\"lazy\" decoding=\"async\" class=\"aligncenter size-full wp-image-4388\" src=\"http:\/\/www.flachpass.net\/wp-content\/uploads\/2024\/07\/EM-Wein-scaled-e1721143980586.jpg\" alt=\"\" width=\"161\" height=\"600\"><\/p>\n<p><img loading=\"lazy\" decoding=\"async\" class=\"aligncenter size-full wp-image-4390\" src=\"http:\/\/www.flachpass.net\/wp-content\/uploads\/2024\/07\/EM-Miniball-e1721144067127.jpg\" alt=\"\" width=\"600\" height=\"600\"><\/p>\n<p>Tipps nach Spielende \u00e0 la Janosch waren leider nicht zul\u00e4ssig&#8230;<\/p>\n<p><img loading=\"lazy\" decoding=\"async\" class=\"aligncenter size-full wp-image-2139\" src=\"http:\/\/www.flachpass.net\/wp-content\/uploads\/2024\/06\/janosch_tippspiel-e1718660404233.jpg\" alt=\"\" width=\"600\" height=\"601\"><\/p>\n<p><a href=\"https:\/\/www.kicktipp.de\/flachpass2024\/\" target=\"_blank\" rel=\"noopener\">Hier ging es zum Tippspiel.<\/a><\/p>\n","protected":false},"excerpt":{"rendered":"<div class=\"mh-excerpt\"><p>Auch dieses Mal gab es in alter Tradition wieder ein EM-Tippspiel. Die Teilnahme war kostenlos. Hier die Gewinner (ich bin auf Platz 4 gelandet, was <a class=\"mh-excerpt-more\" href=\"https:\/\/www.flachpass.net\/index.php\/em-tippspiel\/\" title=\"EM-Tippspiel\">[&#8230;]<\/a><\/p>\n<\/div>","protected":false},"author":1,"featured_media":0,"parent":0,"menu_order":0,"comment_status":"closed","ping_status":"closed","template":"","meta":{"ngg_post_thumbnail":0,"footnotes":""},"class_list":["post-2002","page","type-page","status-publish","hentry"],"_links":{"self":[{"href":"https:\/\/www.flachpass.net\/index.php\/wp-json\/wp\/v2\/pages\/2002"}],"collection":[{"href":"https:\/\/www.flachpass.net\/index.php\/wp-json\/wp\/v2\/pages"}],"about":[{"href":"https:\/\/www.flachpass.net\/index.php\/wp-json\/wp\/v2\/types\/page"}],"author":[{"embeddable":true,"href":"https:\/\/www.flachpass.net\/index.php\/wp-json\/wp\/v2\/users\/1"}],"replies":[{"embeddable":true,"href":"https:\/\/www.flachpass.net\/index.php\/wp-json\/wp\/v2\/comments?post=2002"}],"version-history":[{"count":9,"href":"https:\/\/www.flachpass.net\/index.php\/wp-json\/wp\/v2\/pages\/2002\/revisions"}],"predecessor-version":[{"id":4408,"href":"https:\/\/www.flachpass.net\/index.php\/wp-json\/wp\/v2\/pages\/2002\/revisions\/4408"}],"wp:attachment":[{"href":"https:\/\/www.flachpass.net\/index.php\/wp-json\/wp\/v2\/media?parent=2002"}],"curies":[{"name":"wp","href":"https:\/\/api.w.org\/{rel}","templated":true}]}}