{"id":4229,"date":"2024-07-05T12:45:55","date_gmt":"2024-07-05T10:45:55","guid":{"rendered":"https:\/\/www.flachpass.net\/?page_id=4229"},"modified":"2024-07-16T17:33:35","modified_gmt":"2024-07-16T15:33:35","slug":"em-quiz","status":"publish","type":"page","link":"https:\/\/www.flachpass.net\/index.php\/em-quiz\/","title":{"rendered":"EM-Quiz"},"content":{"rendered":"<p><em><strong>Hier die Aufl\u00f6sung des EM-Quiz, das bis zum 30.06.2024 lief:<\/strong><\/em><\/p>\n<p><strong>Wie viele Staaten grenzen an Deutschland?<\/strong><br \/>\n7<br \/>\n8<br \/>\n<strong>9<\/strong><br \/>\n10<\/p>\n<p><em>Es sind neun &#8211; von Norden aus im Uhrzeigersinn: D\u00e4nemark, Polen, Tschechien, \u00d6sterreich, Schweiz, Frankreich, Luxemburg, Belgien, Niederlande.<\/em><\/p>\n<p><strong>Welcher ist der l\u00e4ngste Fluss in Deutschland?<\/strong><\/p>\n<p>Donau<br \/>\nElbe<br \/>\nMain<br \/>\n<strong>Rhein<\/strong><\/p>\n<p><em>Der Rhein flie\u00dft 865 Kilometer durch Deutschland, die Elbe 727 Kilometer, die Donau 647 Kilometer und der Main 569 Kilometer.<\/em><\/p>\n<p><strong>Welcher Berg war bis 1918 der h\u00f6chste Berg des Deutschen Reichs?<\/strong><\/p>\n<p><strong>Kilimandscharo<\/strong><br \/>\nMatterhorn<br \/>\nMont Blanc<br \/>\nZugspitze<\/p>\n<p><em>Der h\u00f6chste Berg des Kaiserreiches war nicht die Zugspitze, sondern der Kilimandscharo mit 5.895 H\u00f6henmetern. Der Kilimandscharo liegt im heutigen Tansania, das aber zur Kolonialzeit noch Deutsch-Ostafrika hie\u00df. Sein Gipfel hie\u00df, der Logik des kolonialen Imperialismus ganz entsprechend: Kaiser-Wilhelm-Spitze. Seit 1918 ist es die Zugspitze mit 2.962 H\u00f6henmetern.<\/em><\/p>\n<p><strong>Welcher Erfinder, dessen in den USA entwickelte Erfindung sp\u00e4ter weltber\u00fchmt wurde, stammt urspr\u00fcnglich aus Deutschland?<\/strong><\/p>\n<p>Henry John Heinz, der Erfinder des Tomaten-Ketchups<br \/>\nDie Jacob Sisters, die Erfinderinnen des Gartenzwergs<br \/>\n<strong>Levi Strauss, der Erfinder der Jeans<\/strong><br \/>\nDie Br\u00fcder John Harvey Kellogg und Will Keith Kellogg, die Erfinder der Cornflakes<\/p>\n<p><em>Es war Levi Strauss, der 1829 im fr\u00e4nkischen Buttenheim geboren wurde und 1847 in die USA ausgewandert ist. 1873 erwarb er zusammen mit dem aus Riga stammenden Jacob Davis das Patent f\u00fcr die Jeans. Henry John Heinz, der Erfinder des Tomaten-Ketchups, hatte deutsche Vorfahren, wurde aber in Pittsburgh geboren. Die Jacob Sisters haben zwar den &#8220;Gartenzwerg-Marsch&#8221; gesungen, den Gartenzwerg aber nicht erfunden. Die Br\u00fcder John Harvey Kellogg und Will Keith Kellogg waren waschechte Amerikaner.<\/em><\/p>\n<p><iframe loading=\"lazy\" title=\"Jacob Sisters - Gartenzwerg-Marsch (Adelbert) 1997\" width=\"500\" height=\"375\" src=\"https:\/\/www.youtube.com\/embed\/taK7ZIcQzyE?feature=oembed\" frameborder=\"0\" allow=\"accelerometer; autoplay; clipboard-write; encrypted-media; gyroscope; picture-in-picture; web-share\" referrerpolicy=\"strict-origin-when-cross-origin\" allowfullscreen><\/iframe><\/p>\n<p><strong>Welcher deutsche Bundespr\u00e4sident wurde auch durch seine Sangeskunst ber\u00fchmt?<\/strong><\/p>\n<p>Theodor Heuss mit &#8220;Der Theodor, der Theodor, der steht bei uns im Fu\u00dfballtor&#8221;<br \/>\nHeinrich L\u00fcbke mit &#8220;Mein Herz schl\u00e4gt f\u00fcr das Sauerland&#8221;<br \/>\n<strong>Walter Scheel mit &#8220;Hoch auf dem gelben Wagen&#8221;<\/strong><br \/>\nChristian Wulff mit &#8220;Ich bau&#8217; Dir ein Haus aus Schweinskopfs\u00fclze&#8221;<\/p>\n<p><em>Es war Walter Scheel mit &#8220;Hoch auf dem gelben Wagen&#8221;. Das Lied erreichte eine enorme Popularit\u00e4t, nachdem Walter Scheel, damals noch Bundesau\u00dfenminister, es am 6. Dezember 1973 in der ZDF-Show &#8220;Drei mal Neun&#8221; zugunsten wohlt\u00e4tiger Zwecke gesungen hatte. Diese auf Polydor erschienene Version hielt sich 15 Wochen in den deutschen Singlecharts und erreichte als beste Platzierung am 7. Januar 1974 Position 5.<\/em><\/p>\n<p><iframe loading=\"lazy\" title=\"Hoch auf dem gelben Wagen - Walter Scheel - 1973\" width=\"500\" height=\"375\" src=\"https:\/\/www.youtube.com\/embed\/8z0_8Dj2V1M?feature=oembed\" frameborder=\"0\" allow=\"accelerometer; autoplay; clipboard-write; encrypted-media; gyroscope; picture-in-picture; web-share\" referrerpolicy=\"strict-origin-when-cross-origin\" allowfullscreen><\/iframe><\/p>\n<p><em>&#8220;Der Theodor im Fu\u00dfballtor&#8221; (urspr\u00fcnglich von Willi H\u00f6hne) war zwar eine Anspielung auf Theodor Heuss, dieser hat es jedoch nie gesungen. Popul\u00e4r wurde das Lied dann durch die Version von Theo Lingen im gleichnamigen Film von 1950.<\/em><\/p>\n<p><iframe loading=\"lazy\" title=\"theodor im fu\u00dfballtor song -das original-\" width=\"500\" height=\"375\" src=\"https:\/\/www.youtube.com\/embed\/UjOvupXGU5I?feature=oembed\" frameborder=\"0\" allow=\"accelerometer; autoplay; clipboard-write; encrypted-media; gyroscope; picture-in-picture; web-share\" referrerpolicy=\"strict-origin-when-cross-origin\" allowfullscreen><\/iframe><\/p>\n<p><em>Heinrich L\u00fcbke stammte aus dem sauerl\u00e4ndischen Enkhausen, das Lied &#8220;Mein Herz schl\u00e4gt f\u00fcr das Sauerland&#8221;, gesungen von der Iserlohner Band &#8220;Zoff&#8221;, erschien aber erst 1983.<\/em><\/p>\n<p><iframe loading=\"lazy\" title=\"Sauerland (Original-Version)\" width=\"500\" height=\"375\" src=\"https:\/\/www.youtube.com\/embed\/pgm4VWJqSGo?feature=oembed\" frameborder=\"0\" allow=\"accelerometer; autoplay; clipboard-write; encrypted-media; gyroscope; picture-in-picture; web-share\" referrerpolicy=\"strict-origin-when-cross-origin\" allowfullscreen><\/iframe><\/p>\n<p><em>&#8220;Ich bau&#8217; Dir ein Haus aus Schweinskopfs\u00fclze&#8221; hatten 1995 &#8220;Die Doofen&#8221; (Wigald Boning und Olli Dittrich) gesungen, Christian Wullf hatte damit aber nichts zu tun, auch wenn er 2012 \u00fcber den Bau seines Klinkerhauses gestolpert ist.<\/em><\/p>\n<p><iframe loading=\"lazy\" title=\"Die Doofen - Ich bau dir ein Haus aus Schweinskopfs\u00fclze\" width=\"500\" height=\"375\" src=\"https:\/\/www.youtube.com\/embed\/LJ9TLnZd3aU?feature=oembed\" frameborder=\"0\" allow=\"accelerometer; autoplay; clipboard-write; encrypted-media; gyroscope; picture-in-picture; web-share\" referrerpolicy=\"strict-origin-when-cross-origin\" allowfullscreen><\/iframe><\/p>\n<p><strong>In welcher Stadt steht der h\u00f6chste Kirchturm Deutschlands?<\/strong><\/p>\n<p>Hamburg<br \/>\nK\u00f6ln<br \/>\nM\u00fcnchen<br \/>\n<strong>Ulm<\/strong><\/p>\n<p><em>Genau 161,53 Meter misst der Kirchturm des Ulmer M\u00fcnsters. Damit \u00fcberragt er nicht nur den K\u00f6lner Dom, sondern auch s\u00e4mtliche andere Kirchen dieser Welt. Der Nordturm des K\u00f6lner Doms hat eine H\u00f6he von 157,18 Meter, der S\u00fcdturm ist 157,22 Meter hoch. Der Nikolaikirchturm in Hamburg misst 147 Meter, der Nordturm der M\u00fcnchner Frauenkirche ist 98,57 Meter und der S\u00fcdturm 98,45 Meter hoch.<\/em><\/p>\n<p><strong>Welcher Bundestrainer stand bzw. sa\u00df bei den meisten EM-Spielen verantwortlich am Spielfeldrand?<\/strong><\/p>\n<p>Sepp Herberger<br \/>\nHelmut Sch\u00f6n<br \/>\nBerti Vogts<br \/>\n<strong>Joachim L\u00f6w<\/strong><\/p>\n<p><em>Joachim L\u00f6w hat die deutsche Nationalmannschaft bei den Europameisterschaften 2008, 2012, 2016 und 2020 (2021) und damit bei 21 Spielen betreut.<\/em><\/p>\n<p><strong>Welcher Ort in Deutschland hat die gr\u00f6\u00dfte Brauereidichte der Welt?<\/strong><\/p>\n<p><strong>Aufse\u00df in Oberfranken<\/strong><br \/>\nDortmund im Ruhrgebiet<br \/>\nOberpframmern in Oberbayern<br \/>\nTiefenbach in Niederbayern<\/p>\n<p><em>In Aufse\u00df existieren vier Brauereien, und das bei nur 1.300 Einwohnern. Damit hat es Aufse\u00df im Jahr 2001 als \u201eGemeinde mit der h\u00f6chsten Brauereidichte nach Einwohnern&#8221; ins Guinnessbuch der Rekorde geschafft. 2020 hatte ich die Ehre, diese Gemeinde zu besuchen:<\/em><\/p>\n<p><img loading=\"lazy\" decoding=\"async\" class=\"aligncenter size-full wp-image-4232\" src=\"http:\/\/www.flachpass.net\/wp-content\/uploads\/2024\/07\/Aufsess-e1720176233842.jpg\" alt=\"\" width=\"485\" height=\"800\"><\/p>\n<p><strong>Von wem stammt das Zitat der letzten EM im Jahr 2021: &#8220;Es ist sch\u00f6n, dass wir mal wieder 82 Millionen Bundestrainer im Land haben und nicht 82 Millionen Virologen&#8221;?<\/strong><\/p>\n<p><strong>Leon Goretzka<\/strong><br \/>\nKarl Lauterbach<br \/>\nJoachim L\u00f6w<br \/>\nOliver Welke<\/p>\n<p><em>Diese Frage wurde am h\u00e4ufigsten falsch beantwortet: Es war nicht der Gesundheitsexperte und jetzige Bundesgesundheitsminister Prof. Dr. Karl Lauterbach, sondern der Nationalspieler Leon Goretzka nach dem 4:2-Sieg bei der EM gegen Portugal.<\/em><\/p>\n<p><strong>Den letzten EM-Titel hat Deutschland 1996 in England geholt. Bundestrainer war damals Berti Vogts. Legend\u00e4r ist sein Auftritt in einem Tatort (Ausstrahlung Januar 1999) mit dem Zitat &#8220;Geben Sie dem Kaninchen noch eine M\u00f6hre extra. Das hat es verdient. Es hat uns das Leben gerettet.&#8221; Wie lautete der Titel dieses Tatorts?<\/strong><\/p>\n<p>Demut<br \/>\nEifersucht<br \/>\n<strong>Habgier<\/strong><br \/>\nRache<\/p>\n<p><em>Der Hamburger Tatort mit Manfred Krug als Kommissar Paul Stoever und Charles Brauer als Kommissar Peter Brockm\u00f6ller hie\u00df &#8220;Habgier&#8221;. Und weil der Auftritt von Berti Vogts so empathisch war, hier nochmal der entsprechende Ausschnitt:<\/em><\/p>\n<p><iframe loading=\"lazy\" title=\"Gib dem Kaninchen eine M\u00f6hre extra\" width=\"500\" height=\"281\" src=\"https:\/\/www.youtube.com\/embed\/fqrRKa8gebg?feature=oembed\" frameborder=\"0\" allow=\"accelerometer; autoplay; clipboard-write; encrypted-media; gyroscope; picture-in-picture; web-share\" referrerpolicy=\"strict-origin-when-cross-origin\" allowfullscreen><\/iframe><\/p>\n<p><strong>Wie hei\u00dft das Maskottchen der EURO 2024?<\/strong><\/p>\n<p><strong>Alb\u00e4rt<\/strong><br \/>\nB\u00e4rnardo<br \/>\nB\u00f6\u00f6rti<br \/>\nDicki<\/p>\n<p><em>Alb\u00e4rt &#8211; kann man auch unter &#8220;<a href=\"https:\/\/www.flachpass.net\/index.php\/historie\/\">Historie<\/a>&#8221; auf dieser Seite lesen.<\/em><\/p>\n<p><strong>Nach wem ist der EM-Siegerpokal benannt?<\/strong><\/p>\n<p>Sepp Blatter<br \/>\n<strong>Henri Delaunay<\/strong><br \/>\nLennart Johansson<br \/>\nJules Rimet<\/p>\n<p><em>Er ist nach Henri Delaunay (1883 &#8211; 1955) benannt. Bereits im Jahre 1927 hatte er die Idee zu einer Europameisterschaft f\u00fcr Nationalmannschaften, was jedoch von der FIFA abgelehnt wurde. Damals war er bereits der Generalsekret\u00e4r des franz\u00f6sischen Verbandes. Von 1954 bis zu seinem Tod war Delaunay Generalsekret\u00e4r der UEFA.<\/em><\/p>\n<p><strong>Wie vielen EM-Gastgeberl\u00e4ndern ist es bisher gelungen, das Turnier zu gewinnen?<\/strong><\/p>\n<p>keinem<br \/>\nzwei<br \/>\n<strong>drei<\/strong><br \/>\nvier<\/p>\n<p><em>Drei: 1964 Spanien in Spanien, 1968 Italien in Italien und 1984 Frankreich in Frankreich &#8211; ebenfalls unter &#8220;<a href=\"https:\/\/www.flachpass.net\/index.php\/historie\/\">Historie<\/a>&#8221; nachzulesen.<\/em><\/p>\n<p><strong>Welcher Spieler hat die meisten Spiele bei einer Fu\u00dfball-Europameisterschaft absolviert?<\/strong><\/p>\n<p>Pepe<br \/>\nBastian Schweinsteiger<br \/>\n<strong>Cristiano Ronaldo<\/strong><br \/>\nG\u00fcnter Netzer<\/p>\n<p><em>Cristiano Ronaldo aus Portugal absolvierte 25 Spiele bei 5 Europameisterschaften. Den zweiten Platz teilen sich ebenfalls zwei Portugiesen: Sowohl Pepe als auch Jo\u00e3o Moutinho kommen auf 19 Eins\u00e4tze. Auf Platz vier folgt dann der ehemalige deutsche Nationalspieler Bastian Schweinsteiger mit 18 Eins\u00e4tzen.<\/em><\/p>\n<p><strong>Auf welchen jetzigen Gruppengegner traf Deutschland auch schon bei der EM im Jahr 2021 in der Vorrunde?<\/strong><\/p>\n<p>D\u00e4nemark<br \/>\nSchottland<br \/>\nSchweiz<br \/>\n<strong>Ungarn<\/strong><\/p>\n<p><em>Es war Ungarn am 23.06.2021. Das Spiel endete 2:2. Und gegen D\u00e4nemark sind wir bei dieser Europameisterschaft erst im Achtelfinale getroffen (was ich zum Zeitpunkt der Fragestellung noch nicht wissen konnte).<\/em><\/p>\n<p>Die Gewinner lauten:<\/p>\n<p>1. El Maestro (15 von 15 Fragen in 8 Minuten und 54 Sekunden richtig beantwortet) &#8211; bekommt auf eigenen Wunsch N\u00fcrnberger Lebkuchen<\/p>\n<p><img loading=\"lazy\" decoding=\"async\" class=\"aligncenter size-full wp-image-4388\" src=\"http:\/\/www.flachpass.net\/wp-content\/uploads\/2024\/07\/EM-Wein-scaled-e1721143980586.jpg\" alt=\"\" width=\"161\" height=\"600\"><\/p>\n<p>2. Roy (15 von 15 Fragen in 10 Minuten und 27 Sekunden richtig beantwortet) &#8211; <a href=\"https:\/\/www.jacques.de\/wein\/22675\/Winter-Sauvignon-Blanc\" target=\"_blank\" rel=\"noopener\">EM-Weinflasche<\/a> (bereits \u00fcberreicht)<\/p>\n<p>&nbsp;<\/p>\n<p>3. J\u00fcrgen Fr. (15 von 15 Fragen in 12 Minuten und 19 Sekunden richtig beantwortet) &#8211; <a href=\"https:\/\/www.jacques.de\/wein\/22675\/Winter-Sauvignon-Blanc\" target=\"_blank\" rel=\"noopener\">EM-Weinflasche<\/a><\/p>\n<p>4. Mark (14 von 15 Fragen in 3 Minuten und 22 Sekunden richtig beantwortet und damit Gewinner der Herzen, der nat\u00fcrlich auch einen Preis bekommt) &#8211; <a href=\"https:\/\/www.jacques.de\/wein\/22675\/Winter-Sauvignon-Blanc\" target=\"_blank\" rel=\"noopener\">EM-Weinflasche<\/a><\/p>\n","protected":false},"excerpt":{"rendered":"<div class=\"mh-excerpt\"><p>Hier die Aufl\u00f6sung des EM-Quiz, das bis zum 30.06.2024 lief: Wie viele Staaten grenzen an Deutschland? 7 8 9 10 Es sind neun &#8211; von <a class=\"mh-excerpt-more\" href=\"https:\/\/www.flachpass.net\/index.php\/em-quiz\/\" title=\"EM-Quiz\">[&#8230;]<\/a><\/p>\n<\/div>","protected":false},"author":1,"featured_media":0,"parent":0,"menu_order":0,"comment_status":"closed","ping_status":"closed","template":"","meta":{"ngg_post_thumbnail":0,"footnotes":""},"class_list":["post-4229","page","type-page","status-publish","hentry"],"_links":{"self":[{"href":"https:\/\/www.flachpass.net\/index.php\/wp-json\/wp\/v2\/pages\/4229"}],"collection":[{"href":"https:\/\/www.flachpass.net\/index.php\/wp-json\/wp\/v2\/pages"}],"about":[{"href":"https:\/\/www.flachpass.net\/index.php\/wp-json\/wp\/v2\/types\/page"}],"author":[{"embeddable":true,"href":"https:\/\/www.flachpass.net\/index.php\/wp-json\/wp\/v2\/users\/1"}],"replies":[{"embeddable":true,"href":"https:\/\/www.flachpass.net\/index.php\/wp-json\/wp\/v2\/comments?post=4229"}],"version-history":[{"count":14,"href":"https:\/\/www.flachpass.net\/index.php\/wp-json\/wp\/v2\/pages\/4229\/revisions"}],"predecessor-version":[{"id":4389,"href":"https:\/\/www.flachpass.net\/index.php\/wp-json\/wp\/v2\/pages\/4229\/revisions\/4389"}],"wp:attachment":[{"href":"https:\/\/www.flachpass.net\/index.php\/wp-json\/wp\/v2\/media?parent=4229"}],"curies":[{"name":"wp","href":"https:\/\/api.w.org\/{rel}","templated":true}]}}